{"id":10426,"date":"2021-03-23T17:36:02","date_gmt":"2021-03-23T16:36:02","guid":{"rendered":"https:\/\/www.isblue.fr\/pratiques-innovantes\/"},"modified":"2022-05-23T13:35:42","modified_gmt":"2022-05-23T11:35:42","slug":"pratiques-innovantes","status":"publish","type":"page","link":"https:\/\/isblue.fr\/en\/pratiques-innovantes\/","title":{"rendered":"Innovative Practices"},"content":{"rendered":"\n  <div class=\"wrap_acf_blocks__publications-cards\">\n\n     <div class=\"wrap_cards\">\n\n        \n                      <a class=\"wrap_card\" href=\"https:\/\/isblue.fr\/se-former-avec-isblue\/immersea-lab\/\">\n\n               <div class=\"lazy\" data-src=\"https:\/\/isblue.fr\/wp-content\/uploads\/2023\/02\/immersea-lab-logo-1-color-rgb-800x425.jpg\"><\/div>\n\n               <div class=\"wrap_card__body\">\n\n                  <h3>ImmerSea LAB \/ R\u00e9alit\u00e9 virtuelle et augment\u00e9e<\/h3>\n\n                  <span class=\"btn_all\">\n                     <i class=\"i_svg\"><?xml version=\"1.0\" encoding=\"UTF-8\" standalone=\"no\"?>\n<!DOCTYPE svg PUBLIC \"-\/\/W3C\/\/DTD SVG 1.1\/\/EN\" \"http:\/\/www.w3.org\/Graphics\/SVG\/1.1\/DTD\/svg11.dtd\">\n<svg width=\"100%\" height=\"100%\" viewBox=\"0 0 38 37\" version=\"1.1\" xmlns=\"http:\/\/www.w3.org\/2000\/svg\" xmlns:xlink=\"http:\/\/www.w3.org\/1999\/xlink\" xml:space=\"preserve\" xmlns:serif=\"http:\/\/www.serif.com\/\" style=\"fill-rule:evenodd;clip-rule:evenodd;stroke-linecap:round;stroke-linejoin:round;\">\n    <g id=\"Artboard1\" transform=\"matrix(1,0,0,1.71795,0,0)\">\n        <rect x=\"0\" y=\"0\" width=\"38\" height=\"21.254\" style=\"fill:none;\"\/>\n        <g transform=\"matrix(1.57114,0,0,0.914547,-2.36719,-8.40305)\">\n            <circle class=\"bg\" cx=\"13.6\" cy=\"20.808\" r=\"11.197\" style=\"fill:none;\"\/>\n        <\/g>\n        <g class=\"fleche\" transform=\"matrix(1,0,0,0.58209,1.75,0.586074)\">\n            <g class=\"arrow\">\n                <g>\n                    <g transform=\"matrix(1,0,0,1,18,15)\">\n                        <path d=\"M0,0L5,2.884L0,6\" style=\"fill:none;stroke:#002638;stroke-width:1.5px;\"\/>\n                    <\/g>\n                    <g transform=\"matrix(1,0,0,1,13,17.7714)\">\n                        <path d=\"M0,0.271L9,0.229\" style=\"fill:none;stroke:#002638;stroke-width:1.5px;\"\/>\n                    <\/g>\n                <\/g>\n            <\/g>\n        <\/g>\n        <g transform=\"matrix(1,0,0,0.58209,1,0.149507)\">\n            <path class=\"circle\" d=\"M18,36C27.941,36 36,27.941 36,18C36,8.059 27.941,0 18,0C8.059,0 0,8.059 0,18C0,27.941 8.059,36 18,36ZM18,34C9.163,34 2,26.837 2,18C2,9.163 9.163,2 18,2C26.837,2 34,9.163 34,18C34,26.837 26.837,34 18,34Z\" style=\"fill:#002638;\"\/>\n        <\/g>\n    <\/g>\n<\/svg>\n<\/i>\n                  <\/span>\n\n               <\/div>\n\n            <\/a>\n          \n        \n                      <a class=\"wrap_card\" href=\"https:\/\/isblue.fr\/projets-innovants\/coastappli\/\">\n\n               <div class=\"lazy\" data-src=\"https:\/\/isblue.fr\/wp-content\/uploads\/2022\/12\/CoastAppli_IMG_CNRS-800x600.jpg\"><\/div>\n\n               <div class=\"wrap_card__body\">\n\n                  <h3>CoastAppli<\/h3>\n\n                  <span class=\"btn_all\">\n                     <i class=\"i_svg\"><?xml version=\"1.0\" encoding=\"UTF-8\" standalone=\"no\"?>\n<!DOCTYPE svg PUBLIC \"-\/\/W3C\/\/DTD SVG 1.1\/\/EN\" \"http:\/\/www.w3.org\/Graphics\/SVG\/1.1\/DTD\/svg11.dtd\">\n<svg width=\"100%\" height=\"100%\" viewBox=\"0 0 38 37\" version=\"1.1\" xmlns=\"http:\/\/www.w3.org\/2000\/svg\" xmlns:xlink=\"http:\/\/www.w3.org\/1999\/xlink\" xml:space=\"preserve\" xmlns:serif=\"http:\/\/www.serif.com\/\" style=\"fill-rule:evenodd;clip-rule:evenodd;stroke-linecap:round;stroke-linejoin:round;\">\n    <g id=\"Artboard1\" transform=\"matrix(1,0,0,1.71795,0,0)\">\n        <rect x=\"0\" y=\"0\" width=\"38\" height=\"21.254\" style=\"fill:none;\"\/>\n        <g transform=\"matrix(1.57114,0,0,0.914547,-2.36719,-8.40305)\">\n            <circle class=\"bg\" cx=\"13.6\" cy=\"20.808\" r=\"11.197\" style=\"fill:none;\"\/>\n        <\/g>\n        <g class=\"fleche\" transform=\"matrix(1,0,0,0.58209,1.75,0.586074)\">\n            <g class=\"arrow\">\n                <g>\n                    <g transform=\"matrix(1,0,0,1,18,15)\">\n                        <path d=\"M0,0L5,2.884L0,6\" style=\"fill:none;stroke:#002638;stroke-width:1.5px;\"\/>\n                    <\/g>\n                    <g transform=\"matrix(1,0,0,1,13,17.7714)\">\n                        <path d=\"M0,0.271L9,0.229\" style=\"fill:none;stroke:#002638;stroke-width:1.5px;\"\/>\n                    <\/g>\n                <\/g>\n            <\/g>\n        <\/g>\n        <g transform=\"matrix(1,0,0,0.58209,1,0.149507)\">\n            <path class=\"circle\" d=\"M18,36C27.941,36 36,27.941 36,18C36,8.059 27.941,0 18,0C8.059,0 0,8.059 0,18C0,27.941 8.059,36 18,36ZM18,34C9.163,34 2,26.837 2,18C2,9.163 9.163,2 18,2C26.837,2 34,9.163 34,18C34,26.837 26.837,34 18,34Z\" style=\"fill:#002638;\"\/>\n        <\/g>\n    <\/g>\n<\/svg>\n<\/i>\n                  <\/span>\n\n               <\/div>\n\n            <\/a>\n          \n        \n     <\/div>\n\n  <\/div>\n  \n\n\n  <div class=\"wrap_acf_blocks__publications-cards\">\n\n     <div class=\"wrap_cards\">\n\n        \n                      <a class=\"wrap_card\" href=\"https:\/\/isblue.fr\/actualites\/holi-d-blue-agir-face-aux-enjeux-environnementaux-et-societaux-maritimes\/\">\n\n               <div class=\"lazy\" data-src=\"https:\/\/isblue.fr\/wp-content\/uploads\/2022\/05\/1a8a7865-photo-Holi-D-Blue-800x533.jpg\"><\/div>\n\n               <div class=\"wrap_card__body\">\n\n                  <h3>HOLI-D BLUE : agir face aux enjeux environnementaux et soci\u00e9taux maritimes<\/h3>\n\n                  <span class=\"btn_all\">\n                     <i class=\"i_svg\"><?xml version=\"1.0\" encoding=\"UTF-8\" standalone=\"no\"?>\n<!DOCTYPE svg PUBLIC \"-\/\/W3C\/\/DTD SVG 1.1\/\/EN\" \"http:\/\/www.w3.org\/Graphics\/SVG\/1.1\/DTD\/svg11.dtd\">\n<svg width=\"100%\" height=\"100%\" viewBox=\"0 0 38 37\" version=\"1.1\" xmlns=\"http:\/\/www.w3.org\/2000\/svg\" xmlns:xlink=\"http:\/\/www.w3.org\/1999\/xlink\" xml:space=\"preserve\" xmlns:serif=\"http:\/\/www.serif.com\/\" style=\"fill-rule:evenodd;clip-rule:evenodd;stroke-linecap:round;stroke-linejoin:round;\">\n    <g id=\"Artboard1\" transform=\"matrix(1,0,0,1.71795,0,0)\">\n        <rect x=\"0\" y=\"0\" width=\"38\" height=\"21.254\" style=\"fill:none;\"\/>\n        <g transform=\"matrix(1.57114,0,0,0.914547,-2.36719,-8.40305)\">\n            <circle class=\"bg\" cx=\"13.6\" cy=\"20.808\" r=\"11.197\" style=\"fill:none;\"\/>\n        <\/g>\n        <g class=\"fleche\" transform=\"matrix(1,0,0,0.58209,1.75,0.586074)\">\n            <g class=\"arrow\">\n                <g>\n                    <g transform=\"matrix(1,0,0,1,18,15)\">\n                        <path d=\"M0,0L5,2.884L0,6\" style=\"fill:none;stroke:#002638;stroke-width:1.5px;\"\/>\n                    <\/g>\n                    <g transform=\"matrix(1,0,0,1,13,17.7714)\">\n                        <path d=\"M0,0.271L9,0.229\" style=\"fill:none;stroke:#002638;stroke-width:1.5px;\"\/>\n                    <\/g>\n                <\/g>\n            <\/g>\n        <\/g>\n        <g transform=\"matrix(1,0,0,0.58209,1,0.149507)\">\n            <path class=\"circle\" d=\"M18,36C27.941,36 36,27.941 36,18C36,8.059 27.941,0 18,0C8.059,0 0,8.059 0,18C0,27.941 8.059,36 18,36ZM18,34C9.163,34 2,26.837 2,18C2,9.163 9.163,2 18,2C26.837,2 34,9.163 34,18C34,26.837 26.837,34 18,34Z\" style=\"fill:#002638;\"\/>\n        <\/g>\n    <\/g>\n<\/svg>\n<\/i>\n                  <\/span>\n\n               <\/div>\n\n            <\/a>\n          \n        \n                      <a class=\"wrap_card\" href=\"https:\/\/isblue.fr\/actualites\/interdev-simpliquer-sur-des-projets-lies-au-developpement-durable-dans-le-milieu-marin\/\">\n\n               <div class=\"lazy\" data-src=\"https:\/\/isblue.fr\/wp-content\/uploads\/2021\/12\/guerledan-s07e01-003-3351-1-800x533.jpg\"><\/div>\n\n               <div class=\"wrap_card__body\">\n\n                  <h3>InterDEV &#8211; S&#8217;impliquer sur des projets li\u00e9s au d\u00e9veloppement durable dans le milieu marin<\/h3>\n\n                  <span class=\"btn_all\">\n                     <i class=\"i_svg\"><?xml version=\"1.0\" encoding=\"UTF-8\" standalone=\"no\"?>\n<!DOCTYPE svg PUBLIC \"-\/\/W3C\/\/DTD SVG 1.1\/\/EN\" \"http:\/\/www.w3.org\/Graphics\/SVG\/1.1\/DTD\/svg11.dtd\">\n<svg width=\"100%\" height=\"100%\" viewBox=\"0 0 38 37\" version=\"1.1\" xmlns=\"http:\/\/www.w3.org\/2000\/svg\" xmlns:xlink=\"http:\/\/www.w3.org\/1999\/xlink\" xml:space=\"preserve\" xmlns:serif=\"http:\/\/www.serif.com\/\" style=\"fill-rule:evenodd;clip-rule:evenodd;stroke-linecap:round;stroke-linejoin:round;\">\n    <g id=\"Artboard1\" transform=\"matrix(1,0,0,1.71795,0,0)\">\n        <rect x=\"0\" y=\"0\" width=\"38\" height=\"21.254\" style=\"fill:none;\"\/>\n        <g transform=\"matrix(1.57114,0,0,0.914547,-2.36719,-8.40305)\">\n            <circle class=\"bg\" cx=\"13.6\" cy=\"20.808\" r=\"11.197\" style=\"fill:none;\"\/>\n        <\/g>\n        <g class=\"fleche\" transform=\"matrix(1,0,0,0.58209,1.75,0.586074)\">\n            <g class=\"arrow\">\n                <g>\n                    <g transform=\"matrix(1,0,0,1,18,15)\">\n                        <path d=\"M0,0L5,2.884L0,6\" style=\"fill:none;stroke:#002638;stroke-width:1.5px;\"\/>\n                    <\/g>\n                    <g transform=\"matrix(1,0,0,1,13,17.7714)\">\n                        <path d=\"M0,0.271L9,0.229\" style=\"fill:none;stroke:#002638;stroke-width:1.5px;\"\/>\n                    <\/g>\n                <\/g>\n            <\/g>\n        <\/g>\n        <g transform=\"matrix(1,0,0,0.58209,1,0.149507)\">\n            <path class=\"circle\" d=\"M18,36C27.941,36 36,27.941 36,18C36,8.059 27.941,0 18,0C8.059,0 0,8.059 0,18C0,27.941 8.059,36 18,36ZM18,34C9.163,34 2,26.837 2,18C2,9.163 9.163,2 18,2C26.837,2 34,9.163 34,18C34,26.837 26.837,34 18,34Z\" style=\"fill:#002638;\"\/>\n        <\/g>\n    <\/g>\n<\/svg>\n<\/i>\n                  <\/span>\n\n               <\/div>\n\n            <\/a>\n          \n        \n     <\/div>\n\n  <\/div>\n  \n\n\n<h2 class=\"wp-block-heading\">Serious games ou jeux s\u00e9rieux<\/h2>\n\n\n\n<p>ISblue accompagne les projets de &#8220;serious gaming&#8221; comme vecteur d\u2019apprentissage tr\u00e8s pertinent pour repr\u00e9senter des dynamiques complexes que sont les enjeux soci\u00e9taux dans lesquelles op\u00e8rent des individus aux int\u00e9r\u00eats divergents et aux capacit\u00e9s h\u00e9t\u00e9rog\u00e8nes. &nbsp;<\/p>\n\n\n\n<p>Une r\u00e9flexion est donc men\u00e9e au sein de l\u2019EUR pour mettre en place ce type de dispositif. Deux &#8220;serious games&#8221; sont actuellement propos\u00e9 au sein de la formation initiale et continue ISblue.<\/p>\n\n\n\n<ul><li><strong>Blue DiplomaSEA<\/strong> se propose d\u2019accompagner la mise en \u0153uvre du trait\u00e9 international men\u00e9 par l\u2019ONU sur <strong>la<\/strong> <strong>conservation et utilisation durable de la biodiversit\u00e9 en haute mer <\/strong>(aussi appel\u00e9 BBNJ pour Biodiversity Beyond National Jurisdiction). Contact <a href=\"mailto:team@bluediplomasea.com\">team@bluediplomasea.com<\/a><\/li><\/ul>\n\n\n\n<ul><li><strong>La c\u00f4te infernale<\/strong>&nbsp;est un jeu s\u00e9rieux traitant des risques c\u00f4tiers \u00e0 partir d\u2019un territoire fictif. Il est une des approches de formation issue des projets de recherches COCORISCO, OSIRISC+<\/li><\/ul>\n\n\n\n<h2 class=\"wp-block-heading\">Interdisciplinarit\u00e9<\/h2>\n\n\n\n<p>Les grandes probl\u00e9matiques concernant la th\u00e9matique de la Mer et du Littoral sont marqu\u00e9es par leur complexit\u00e9, &#8220;avec toute l&#8217;incertitude et l&#8217;impr\u00e9visibilit\u00e9 qui la caract\u00e9risent&#8221; (E. Morin, 2008). Sur certaines questions scientifiques socialement vives, de nombreux acteurs s&#8217;expriment dans la sph\u00e8re publique, \u00e9changeant des arguments et des points de vue plus ou moins construits ou \u00e9tay\u00e9s. Quel que soit leur futur domaine d\u2019exercice, les \u00e9tudiants seront confront\u00e9s \u00e0 un terrain professionnel mouvant, bien loin des savoirs disciplinaires stabilis\u00e9s qui leur ont \u00e9t\u00e9 enseign\u00e9s.<\/p>\n\n\n\n<p>A travers deux modules d\u2019enseignement (en 1ere et 2eme ann\u00e9es de Master), les \u00e9tudiants sont initi\u00e9s \u00e0 la pluridisciplinarit\u00e9 en les sensibilisant aux questionnements scientifiques. En premi\u00e8re ann\u00e9e, les \u00e9tudiants travaillent autour d\u2019une th\u00e9matique commune tout en abordant la <strong>d\u00e9marche d\u2019observation scientifique.<\/strong><\/p>\n\n\n\n<p>Pour renforcer cette pluridisciplinarit\u00e9 un deuxi\u00e8me module est dispens\u00e9 en Master 2 \u00e0 travers la controverse scientifique d\u2019un questionnement de recherche du doctorant qui encadre l\u2019\u00e9quipe pluridisciplinaire. Il y a 10 groupes de controverse scientifique par an.<\/p>\n\n\n\n<p>Grace \u00e0 ces dispositifs innovants, ces enseignements permettent, non seulement de faire du lien entre 200 \u00e9tudiants de Master 1 &amp; 2, et 10 doctorants en sciences de la mer, du secteur littoral et des technologies marines, mais aussi de d\u00e9velopper de nombreuses capacit\u00e9s comme l&#8217;autonomie, l\u2019adaptabilit\u00e9 et <strong>l\u2019empathie scientifique pluridisciplinaire<\/strong>.<\/p>\n\n\n\n<h2 class=\"wp-block-heading\">Approche de terrain : Guerl\u00e9dan <\/h2>\n\n\n\n<div class=\"wp-block-image\"><figure class=\"aligncenter size-large\"><img decoding=\"async\" width=\"728\" height=\"485\" src=\"https:\/\/www.isblue.fr\/wp-content\/uploads\/2021\/06\/Ingenieur-peda-3.jpg\" alt=\"\" class=\"wp-image-3051\" srcset=\"https:\/\/isblue.fr\/wp-content\/uploads\/2021\/06\/Ingenieur-peda-3.jpg 728w, https:\/\/isblue.fr\/wp-content\/uploads\/2021\/06\/Ingenieur-peda-3-300x200.jpg 300w\" sizes=\"(max-width: 728px) 100vw, 728px\" \/><\/figure><\/div>\n\n\n\n<p>Soutenu par ISblue, l&#8217;ENSTA Bretagne organise pour ses \u00e9tudiants de derni\u00e8re ann\u00e9e, une formation pratique au Lac de Guerledan. L&#8217;\u00e9tude d&#8217;un lac est un environnement int\u00e9ressant et s\u00fbr qui requiert les m\u00eames comp\u00e9tences que pour les comp\u00e9tences que celles des \u00e9tudes oc\u00e9aniques. Elle permet aux \u00e9tudiants de mettre en application toutes les connaissances acquises au cours des \u00e9tudes.<\/p>\n\n\n\n<p>L&#8217;id\u00e9e principale du projet est de proposer aux \u00e9tudiants des d\u00e9fis pratiques qui n\u00e9cessitent l&#8217;utilisation de robots autonomes ou de capteurs hydrographiques\/oc\u00e9anographiques. Les \u00e9tudiants devront r\u00e9aliser une \u00e9tude compl\u00e8te, de la mise en place du syst\u00e8me \u00e0 la production de donn\u00e9es, y compris la personnalisation de l&#8217;\u00e9quipement mat\u00e9riel et le traitement des donn\u00e9es. Les \u00e9tudiants doivent faire preuve d&#8217;un esprit d&#8217;\u00e9quipe et d&#8217;initiative qui sont indispensables pour leur futur emploi.<\/p>\n","protected":false},"excerpt":{"rendered":"","protected":false},"author":2,"featured_media":3041,"parent":0,"menu_order":323,"comment_status":"closed","ping_status":"closed","template":"","meta":{"_acf_changed":false,"footnotes":""},"acf":[],"yoast_head":"<!-- This site is optimized with the Yoast SEO plugin v21.9 - https:\/\/yoast.com\/wordpress\/plugins\/seo\/ -->\n<title>Innovative Practices - Ecole Universitaire de Recherche en sciences &amp; technologies marines<\/title>\n<meta name=\"robots\" content=\"index, follow, max-snippet:-1, max-image-preview:large, max-video-preview:-1\" \/>\n<link rel=\"canonical\" href=\"https:\/\/isblue.fr\/en\/pratiques-innovantes\/\" \/>\n<meta property=\"og:locale\" content=\"en_US\" \/>\n<meta property=\"og:type\" content=\"article\" \/>\n<meta property=\"og:title\" content=\"Innovative Practices - Ecole Universitaire de Recherche en sciences &amp; technologies marines\" \/>\n<meta property=\"og:url\" content=\"https:\/\/isblue.fr\/en\/pratiques-innovantes\/\" \/>\n<meta property=\"og:site_name\" content=\"Ecole Universitaire de Recherche en sciences &amp; technologies marines\" \/>\n<meta property=\"article:modified_time\" content=\"2022-05-23T11:35:42+00:00\" \/>\n<meta property=\"og:image\" content=\"https:\/\/isblue.fr\/wp-content\/uploads\/2021\/06\/Ingenieur-peda-2.jpg\" \/>\n\t<meta property=\"og:image:width\" content=\"814\" \/>\n\t<meta property=\"og:image:height\" content=\"612\" \/>\n\t<meta property=\"og:image:type\" content=\"image\/jpeg\" \/>\n<meta name=\"twitter:card\" content=\"summary_large_image\" \/>\n<meta name=\"twitter:label1\" content=\"Est. reading time\" \/>\n\t<meta name=\"twitter:data1\" content=\"3 minutes\" \/>\n<script type=\"application\/ld+json\" class=\"yoast-schema-graph\">{\"@context\":\"https:\/\/schema.org\",\"@graph\":[{\"@type\":\"WebPage\",\"@id\":\"https:\/\/isblue.fr\/en\/pratiques-innovantes\/\",\"url\":\"https:\/\/isblue.fr\/en\/pratiques-innovantes\/\",\"name\":\"Innovative Practices - Ecole Universitaire de Recherche en sciences &amp; technologies marines\",\"isPartOf\":{\"@id\":\"https:\/\/isblue.fr\/en\/#website\"},\"datePublished\":\"2021-03-23T16:36:02+00:00\",\"dateModified\":\"2022-05-23T11:35:42+00:00\",\"breadcrumb\":{\"@id\":\"https:\/\/isblue.fr\/en\/pratiques-innovantes\/#breadcrumb\"},\"inLanguage\":\"en-US\",\"potentialAction\":[{\"@type\":\"ReadAction\",\"target\":[\"https:\/\/isblue.fr\/en\/pratiques-innovantes\/\"]}]},{\"@type\":\"BreadcrumbList\",\"@id\":\"https:\/\/isblue.fr\/en\/pratiques-innovantes\/#breadcrumb\",\"itemListElement\":[{\"@type\":\"ListItem\",\"position\":1,\"name\":\"Home\",\"item\":\"https:\/\/isblue.fr\/en\/\"},{\"@type\":\"ListItem\",\"position\":2,\"name\":\"Innovative Practices\"}]},{\"@type\":\"WebSite\",\"@id\":\"https:\/\/isblue.fr\/en\/#website\",\"url\":\"https:\/\/isblue.fr\/en\/\",\"name\":\"Ecole Universitaire de Recherche en sciences &amp; technologies marines\",\"description\":\"Ecole Universitaire de Recherche en sciences &amp; technologies marines\",\"publisher\":{\"@id\":\"https:\/\/isblue.fr\/en\/#organization\"},\"potentialAction\":[{\"@type\":\"SearchAction\",\"target\":{\"@type\":\"EntryPoint\",\"urlTemplate\":\"https:\/\/isblue.fr\/en\/?s={search_term_string}\"},\"query-input\":\"required name=search_term_string\"}],\"inLanguage\":\"en-US\"},{\"@type\":\"Organization\",\"@id\":\"https:\/\/isblue.fr\/en\/#organization\",\"name\":\"ISblue\",\"url\":\"https:\/\/isblue.fr\/en\/\",\"logo\":{\"@type\":\"ImageObject\",\"inLanguage\":\"en-US\",\"@id\":\"https:\/\/isblue.fr\/en\/#\/schema\/logo\/image\/\",\"url\":\"https:\/\/www.isblue.fr\/wp-content\/uploads\/2020\/11\/logo.png\",\"contentUrl\":\"https:\/\/www.isblue.fr\/wp-content\/uploads\/2020\/11\/logo.png\",\"width\":367,\"height\":49,\"caption\":\"ISblue\"},\"image\":{\"@id\":\"https:\/\/isblue.fr\/en\/#\/schema\/logo\/image\/\"}}]}<\/script>\n<!-- \/ Yoast SEO plugin. -->","yoast_head_json":{"title":"Innovative Practices - Ecole Universitaire de Recherche en sciences &amp; technologies marines","robots":{"index":"index","follow":"follow","max-snippet":"max-snippet:-1","max-image-preview":"max-image-preview:large","max-video-preview":"max-video-preview:-1"},"canonical":"https:\/\/isblue.fr\/en\/pratiques-innovantes\/","og_locale":"en_US","og_type":"article","og_title":"Innovative Practices - Ecole Universitaire de Recherche en sciences &amp; technologies marines","og_url":"https:\/\/isblue.fr\/en\/pratiques-innovantes\/","og_site_name":"Ecole Universitaire de Recherche en sciences &amp; technologies marines","article_modified_time":"2022-05-23T11:35:42+00:00","og_image":[{"width":814,"height":612,"url":"https:\/\/isblue.fr\/wp-content\/uploads\/2021\/06\/Ingenieur-peda-2.jpg","type":"image\/jpeg"}],"twitter_card":"summary_large_image","twitter_misc":{"Est. reading time":"3 minutes"},"schema":{"@context":"https:\/\/schema.org","@graph":[{"@type":"WebPage","@id":"https:\/\/isblue.fr\/en\/pratiques-innovantes\/","url":"https:\/\/isblue.fr\/en\/pratiques-innovantes\/","name":"Innovative Practices - Ecole Universitaire de Recherche en sciences &amp; technologies marines","isPartOf":{"@id":"https:\/\/isblue.fr\/en\/#website"},"datePublished":"2021-03-23T16:36:02+00:00","dateModified":"2022-05-23T11:35:42+00:00","breadcrumb":{"@id":"https:\/\/isblue.fr\/en\/pratiques-innovantes\/#breadcrumb"},"inLanguage":"en-US","potentialAction":[{"@type":"ReadAction","target":["https:\/\/isblue.fr\/en\/pratiques-innovantes\/"]}]},{"@type":"BreadcrumbList","@id":"https:\/\/isblue.fr\/en\/pratiques-innovantes\/#breadcrumb","itemListElement":[{"@type":"ListItem","position":1,"name":"Home","item":"https:\/\/isblue.fr\/en\/"},{"@type":"ListItem","position":2,"name":"Innovative Practices"}]},{"@type":"WebSite","@id":"https:\/\/isblue.fr\/en\/#website","url":"https:\/\/isblue.fr\/en\/","name":"Ecole Universitaire de Recherche en sciences &amp; technologies marines","description":"Ecole Universitaire de Recherche en sciences &amp; technologies marines","publisher":{"@id":"https:\/\/isblue.fr\/en\/#organization"},"potentialAction":[{"@type":"SearchAction","target":{"@type":"EntryPoint","urlTemplate":"https:\/\/isblue.fr\/en\/?s={search_term_string}"},"query-input":"required name=search_term_string"}],"inLanguage":"en-US"},{"@type":"Organization","@id":"https:\/\/isblue.fr\/en\/#organization","name":"ISblue","url":"https:\/\/isblue.fr\/en\/","logo":{"@type":"ImageObject","inLanguage":"en-US","@id":"https:\/\/isblue.fr\/en\/#\/schema\/logo\/image\/","url":"https:\/\/www.isblue.fr\/wp-content\/uploads\/2020\/11\/logo.png","contentUrl":"https:\/\/www.isblue.fr\/wp-content\/uploads\/2020\/11\/logo.png","width":367,"height":49,"caption":"ISblue"},"image":{"@id":"https:\/\/isblue.fr\/en\/#\/schema\/logo\/image\/"}}]}},"_links":{"self":[{"href":"https:\/\/isblue.fr\/en\/wp-json\/wp\/v2\/pages\/10426"}],"collection":[{"href":"https:\/\/isblue.fr\/en\/wp-json\/wp\/v2\/pages"}],"about":[{"href":"https:\/\/isblue.fr\/en\/wp-json\/wp\/v2\/types\/page"}],"author":[{"embeddable":true,"href":"https:\/\/isblue.fr\/en\/wp-json\/wp\/v2\/users\/2"}],"replies":[{"embeddable":true,"href":"https:\/\/isblue.fr\/en\/wp-json\/wp\/v2\/comments?post=10426"}],"version-history":[{"count":1,"href":"https:\/\/isblue.fr\/en\/wp-json\/wp\/v2\/pages\/10426\/revisions"}],"predecessor-version":[{"id":10428,"href":"https:\/\/isblue.fr\/en\/wp-json\/wp\/v2\/pages\/10426\/revisions\/10428"}],"wp:featuredmedia":[{"embeddable":true,"href":"https:\/\/isblue.fr\/en\/wp-json\/wp\/v2\/media\/3041"}],"wp:attachment":[{"href":"https:\/\/isblue.fr\/en\/wp-json\/wp\/v2\/media?parent=10426"}],"curies":[{"name":"wp","href":"https:\/\/api.w.org\/{rel}","templated":true}]}}