{"id":10434,"date":"2021-03-23T17:08:17","date_gmt":"2021-03-23T16:08:17","guid":{"rendered":"https:\/\/www.isblue.fr\/approche-numerique\/"},"modified":"2022-05-23T15:19:25","modified_gmt":"2022-05-23T13:19:25","slug":"approche-numerique","status":"publish","type":"page","link":"https:\/\/isblue.fr\/en\/approche-numerique\/","title":{"rendered":"Numerical approach"},"content":{"rendered":"\n<p><\/p>\n\n\n\n<p>L\u2019apprentissage en ligne offre de nouvelles possibilit\u00e9s de formation tout au long de la vie. Un exemple de cet apprentissage est le <a href=\"https:\/\/www.univ-ubs.fr\/fr\/formation-initiale-continue\/formations-2017-2018\/master-XB\/sciences-technologies-sante-STS\/master-ecologie-chimique-5SEC00_217.html\">Master \u00c9cologie Chimique dispens\u00e9 par l\u2019Universit\u00e9 de Bretagne Sud<\/a>.<\/p>\n\n\n\n<p>ISblue accompagne la cr\u00e9ation de modules d\u2019apprentissage num\u00e9riques proposant via la plateforme Moodle mais \u00e9galement par un acc\u00e8s privil\u00e9gi\u00e9 \u00e0 la plateforme num\u00e9rique collaborative de ressources ISblue permettant l\u2019\u00e9change, la collaboration et la formation entre \u00e9tudiants, enseignants et monde socio-\u00e9conomique autour des sciences de mer, du littoral et des technologies marines.<\/p>\n","protected":false},"excerpt":{"rendered":"","protected":false},"author":2,"featured_media":1743,"parent":0,"menu_order":335,"comment_status":"closed","ping_status":"closed","template":"","meta":{"_acf_changed":false,"footnotes":""},"acf":[],"yoast_head":"<!-- This site is optimized with the Yoast SEO plugin v21.9 - https:\/\/yoast.com\/wordpress\/plugins\/seo\/ -->\n<title>Numerical approach - Ecole Universitaire de Recherche en sciences &amp; technologies marines<\/title>\n<meta name=\"robots\" content=\"index, follow, max-snippet:-1, max-image-preview:large, max-video-preview:-1\" \/>\n<link rel=\"canonical\" href=\"https:\/\/isblue.fr\/en\/approche-numerique\/\" \/>\n<meta property=\"og:locale\" content=\"en_US\" \/>\n<meta property=\"og:type\" content=\"article\" \/>\n<meta property=\"og:title\" content=\"Numerical approach - Ecole Universitaire de Recherche en sciences &amp; technologies marines\" \/>\n<meta property=\"og:url\" content=\"https:\/\/isblue.fr\/en\/approche-numerique\/\" \/>\n<meta property=\"og:site_name\" content=\"Ecole Universitaire de Recherche en sciences &amp; technologies marines\" \/>\n<meta property=\"article:modified_time\" content=\"2022-05-23T13:19:25+00:00\" \/>\n<meta property=\"og:image\" content=\"https:\/\/isblue.fr\/wp-content\/uploads\/2021\/03\/FL-ENIB-3972.jpg\" \/>\n\t<meta property=\"og:image:width\" content=\"2400\" \/>\n\t<meta property=\"og:image:height\" content=\"1600\" \/>\n\t<meta property=\"og:image:type\" content=\"image\/jpeg\" \/>\n<meta name=\"twitter:card\" content=\"summary_large_image\" \/>\n<meta name=\"twitter:label1\" content=\"Est. reading time\" \/>\n\t<meta name=\"twitter:data1\" content=\"1 minute\" \/>\n<script type=\"application\/ld+json\" class=\"yoast-schema-graph\">{\"@context\":\"https:\/\/schema.org\",\"@graph\":[{\"@type\":\"WebPage\",\"@id\":\"https:\/\/isblue.fr\/en\/approche-numerique\/\",\"url\":\"https:\/\/isblue.fr\/en\/approche-numerique\/\",\"name\":\"Numerical approach - Ecole Universitaire de Recherche en sciences &amp; technologies marines\",\"isPartOf\":{\"@id\":\"https:\/\/isblue.fr\/en\/#website\"},\"datePublished\":\"2021-03-23T16:08:17+00:00\",\"dateModified\":\"2022-05-23T13:19:25+00:00\",\"breadcrumb\":{\"@id\":\"https:\/\/isblue.fr\/en\/approche-numerique\/#breadcrumb\"},\"inLanguage\":\"en-US\",\"potentialAction\":[{\"@type\":\"ReadAction\",\"target\":[\"https:\/\/isblue.fr\/en\/approche-numerique\/\"]}]},{\"@type\":\"BreadcrumbList\",\"@id\":\"https:\/\/isblue.fr\/en\/approche-numerique\/#breadcrumb\",\"itemListElement\":[{\"@type\":\"ListItem\",\"position\":1,\"name\":\"Home\",\"item\":\"https:\/\/isblue.fr\/en\/\"},{\"@type\":\"ListItem\",\"position\":2,\"name\":\"Numerical approach\"}]},{\"@type\":\"WebSite\",\"@id\":\"https:\/\/isblue.fr\/en\/#website\",\"url\":\"https:\/\/isblue.fr\/en\/\",\"name\":\"Ecole Universitaire de Recherche en sciences &amp; technologies marines\",\"description\":\"Ecole Universitaire de Recherche en sciences &amp; technologies marines\",\"publisher\":{\"@id\":\"https:\/\/isblue.fr\/en\/#organization\"},\"potentialAction\":[{\"@type\":\"SearchAction\",\"target\":{\"@type\":\"EntryPoint\",\"urlTemplate\":\"https:\/\/isblue.fr\/en\/?s={search_term_string}\"},\"query-input\":\"required name=search_term_string\"}],\"inLanguage\":\"en-US\"},{\"@type\":\"Organization\",\"@id\":\"https:\/\/isblue.fr\/en\/#organization\",\"name\":\"ISblue\",\"url\":\"https:\/\/isblue.fr\/en\/\",\"logo\":{\"@type\":\"ImageObject\",\"inLanguage\":\"en-US\",\"@id\":\"https:\/\/isblue.fr\/en\/#\/schema\/logo\/image\/\",\"url\":\"https:\/\/www.isblue.fr\/wp-content\/uploads\/2020\/11\/logo.png\",\"contentUrl\":\"https:\/\/www.isblue.fr\/wp-content\/uploads\/2020\/11\/logo.png\",\"width\":367,\"height\":49,\"caption\":\"ISblue\"},\"image\":{\"@id\":\"https:\/\/isblue.fr\/en\/#\/schema\/logo\/image\/\"}}]}<\/script>\n<!-- \/ Yoast SEO plugin. -->","yoast_head_json":{"title":"Numerical approach - Ecole Universitaire de Recherche en sciences &amp; technologies marines","robots":{"index":"index","follow":"follow","max-snippet":"max-snippet:-1","max-image-preview":"max-image-preview:large","max-video-preview":"max-video-preview:-1"},"canonical":"https:\/\/isblue.fr\/en\/approche-numerique\/","og_locale":"en_US","og_type":"article","og_title":"Numerical approach - Ecole Universitaire de Recherche en sciences &amp; technologies marines","og_url":"https:\/\/isblue.fr\/en\/approche-numerique\/","og_site_name":"Ecole Universitaire de Recherche en sciences &amp; technologies marines","article_modified_time":"2022-05-23T13:19:25+00:00","og_image":[{"width":2400,"height":1600,"url":"https:\/\/isblue.fr\/wp-content\/uploads\/2021\/03\/FL-ENIB-3972.jpg","type":"image\/jpeg"}],"twitter_card":"summary_large_image","twitter_misc":{"Est. reading time":"1 minute"},"schema":{"@context":"https:\/\/schema.org","@graph":[{"@type":"WebPage","@id":"https:\/\/isblue.fr\/en\/approche-numerique\/","url":"https:\/\/isblue.fr\/en\/approche-numerique\/","name":"Numerical approach - Ecole Universitaire de Recherche en sciences &amp; technologies marines","isPartOf":{"@id":"https:\/\/isblue.fr\/en\/#website"},"datePublished":"2021-03-23T16:08:17+00:00","dateModified":"2022-05-23T13:19:25+00:00","breadcrumb":{"@id":"https:\/\/isblue.fr\/en\/approche-numerique\/#breadcrumb"},"inLanguage":"en-US","potentialAction":[{"@type":"ReadAction","target":["https:\/\/isblue.fr\/en\/approche-numerique\/"]}]},{"@type":"BreadcrumbList","@id":"https:\/\/isblue.fr\/en\/approche-numerique\/#breadcrumb","itemListElement":[{"@type":"ListItem","position":1,"name":"Home","item":"https:\/\/isblue.fr\/en\/"},{"@type":"ListItem","position":2,"name":"Numerical approach"}]},{"@type":"WebSite","@id":"https:\/\/isblue.fr\/en\/#website","url":"https:\/\/isblue.fr\/en\/","name":"Ecole Universitaire de Recherche en sciences &amp; technologies marines","description":"Ecole Universitaire de Recherche en sciences &amp; technologies marines","publisher":{"@id":"https:\/\/isblue.fr\/en\/#organization"},"potentialAction":[{"@type":"SearchAction","target":{"@type":"EntryPoint","urlTemplate":"https:\/\/isblue.fr\/en\/?s={search_term_string}"},"query-input":"required name=search_term_string"}],"inLanguage":"en-US"},{"@type":"Organization","@id":"https:\/\/isblue.fr\/en\/#organization","name":"ISblue","url":"https:\/\/isblue.fr\/en\/","logo":{"@type":"ImageObject","inLanguage":"en-US","@id":"https:\/\/isblue.fr\/en\/#\/schema\/logo\/image\/","url":"https:\/\/www.isblue.fr\/wp-content\/uploads\/2020\/11\/logo.png","contentUrl":"https:\/\/www.isblue.fr\/wp-content\/uploads\/2020\/11\/logo.png","width":367,"height":49,"caption":"ISblue"},"image":{"@id":"https:\/\/isblue.fr\/en\/#\/schema\/logo\/image\/"}}]}},"_links":{"self":[{"href":"https:\/\/isblue.fr\/en\/wp-json\/wp\/v2\/pages\/10434"}],"collection":[{"href":"https:\/\/isblue.fr\/en\/wp-json\/wp\/v2\/pages"}],"about":[{"href":"https:\/\/isblue.fr\/en\/wp-json\/wp\/v2\/types\/page"}],"author":[{"embeddable":true,"href":"https:\/\/isblue.fr\/en\/wp-json\/wp\/v2\/users\/2"}],"replies":[{"embeddable":true,"href":"https:\/\/isblue.fr\/en\/wp-json\/wp\/v2\/comments?post=10434"}],"version-history":[{"count":1,"href":"https:\/\/isblue.fr\/en\/wp-json\/wp\/v2\/pages\/10434\/revisions"}],"predecessor-version":[{"id":10435,"href":"https:\/\/isblue.fr\/en\/wp-json\/wp\/v2\/pages\/10434\/revisions\/10435"}],"wp:featuredmedia":[{"embeddable":true,"href":"https:\/\/isblue.fr\/en\/wp-json\/wp\/v2\/media\/1743"}],"wp:attachment":[{"href":"https:\/\/isblue.fr\/en\/wp-json\/wp\/v2\/media?parent=10434"}],"curies":[{"name":"wp","href":"https:\/\/api.w.org\/{rel}","templated":true}]}}