{"id":18899,"date":"2023-02-22T12:05:05","date_gmt":"2023-02-22T11:05:05","guid":{"rendered":"https:\/\/isblue.fr\/?page_id=18899"},"modified":"2025-07-11T11:49:53","modified_gmt":"2025-07-11T09:49:53","slug":"riscorev-coastal-risks-and-virtual-reality","status":"publish","type":"page","link":"https:\/\/isblue.fr\/en\/riscorev-coastal-risks-and-virtual-reality\/","title":{"rendered":"RISCOREV: COastal RISks and Virtual REality"},"content":{"rendered":"\n<p>The aim of this project is to offer a training tool on two coastal threats (erosion and submersion) using virtual environments (Virtual Reality and Augmented Reality) for elected representatives and residents, in order to initiate discussions on limiting future vulnerability to coastal risks.<\/p>\n\n\n\n<h2 class=\"wp-block-heading\">Original Features of the Project<\/h2>\n\n\n\n<ul>\n<li>Better understanding of coastal risks, whether erosion or flooding<\/li>\n\n\n\n<li>Exploring virtual and augmented reality with specialists from ENIB&#8217;s European <a href=\"https:\/\/cerv.enib.fr\/cerv-european-center-for-virtual-reality-enib\/\">Centre for Virtual Reality (CERV)<\/a><\/li>\n\n\n\n<li>Meeting local managers to build scenarios together<\/li>\n\n\n\n<li>Thinking about how to carry out an acculturation project for a wide range of audiences<\/li>\n\n\n\n<li>Working in a multidisciplinary approach<\/li>\n<\/ul>\n\n\n\n<h2 class=\"wp-block-heading\">Results<\/h2>\n\n\n\n<ul>\n<li>3 years of workshops between students from the \u2018Environmental Expertise and Management\u2019 Master&#8217;s programme and final-year ENIB engineering school students;<\/li>\n\n\n\n<li>2 towns selected in Brittany, France (a fictive twon and Guisseny) for their exposure to the risks of erosion and flooding;<\/li>\n\n\n\n<li>4 different scenarios designed to meet the needs of the municipality and the target audience for the virtual reality experiment;<\/li>\n\n\n\n<li>1 presentation of the project to the Guisseny town council;<\/li>\n\n\n\n<li>1 mixed reality prototype produced in Guisseny;<\/li>\n<\/ul>\n\n\n<div class=\"wp-block-image\">\n<figure class=\"aligncenter size-full is-resized\"><img decoding=\"async\" width=\"1024\" height=\"1024\" src=\"https:\/\/isblue.fr\/wp-content\/uploads\/2024\/10\/Projet-Riscorev.jpg\" alt=\"\" class=\"wp-image-25744\" style=\"width:576px;height:auto\" srcset=\"https:\/\/isblue.fr\/wp-content\/uploads\/2024\/10\/Projet-Riscorev.jpg 1024w, https:\/\/isblue.fr\/wp-content\/uploads\/2024\/10\/Projet-Riscorev-800x800.jpg 800w, https:\/\/isblue.fr\/wp-content\/uploads\/2024\/10\/Projet-Riscorev-300x300.jpg 300w, https:\/\/isblue.fr\/wp-content\/uploads\/2024\/10\/Projet-Riscorev-768x768.jpg 768w\" sizes=\"(max-width: 1024px) 100vw, 1024px\" \/><\/figure><\/div>\n\n\n<p class=\"has-text-align-center has-small-font-size\">Demonstration of the project&#8217;s mixed reality system<\/p>\n\n\n\n<h2 class=\"wp-block-heading\">Multidisciplinary Team<\/h2>\n\n\n\n<p>The project is coordinated by <a href=\"https:\/\/www-iuem.univ-brest.fr\/pops\/users\/406\">Pauline Letortu (teacher-researcher, UBO, LETG)<\/a>, supported by a multidisciplinary team composed of:<\/p>\n\n\n\n<ul>\n<li><a href=\"https:\/\/www-iuem.univ-brest.fr\/pops\/users\/223\">Riwalenn Ruault<\/a> (pedagogical engineer, ISblue),<\/li>\n\n\n\n<li><a href=\"https:\/\/labsticc.fr\/fr\/equipes\/inuit\/anciennes-theses\/phd-pierre-mahieux\">Pierre Mahieux<\/a> (ing\u00e9nieur r\u00e9alit\u00e9 virtuelle, ENIB),<\/li>\n\n\n\n<li><a href=\"https:\/\/www-iuem.univ-brest.fr\/equipe\/kernec_maxime\/\">Maxime Kernec<\/a>, (ing\u00e9nieur r\u00e9alit\u00e9 virtuelle, ISblue),<\/li>\n\n\n\n<li><a href=\"https:\/\/www.enib.fr\/~querrec\/\">Ronan Querrec<\/a> (teacher-researcher, ENIB, Lab-sticc),<\/li>\n\n\n\n<li><a href=\"https:\/\/www-iuem.univ-brest.fr\/pops\/users\/4\">Mathias Rouan<\/a> (research engineer, CNRS, LETG),<\/li>\n\n\n\n<li><a href=\"https:\/\/www.risques-cotiers.fr\/accueil\/equipe-recherche\/lummert-caroline\/\">Caroline Lummert<\/a> (design engineer, UBO, LGO),<\/li>\n\n\n\n<li><a href=\"https:\/\/www.umr-amure.fr\/equipe\/philippe-manuelle\/\">Manuelle Philippe<\/a> (research engineer, UBO, AMURE).<\/li>\n<\/ul>\n\n\n\n<h2 class=\"wp-block-heading\">Press Review<\/h2>\n\n\n\n<p>2025: Appearance on the T\u00e9b\u00e9o programme <a href=\"https:\/\/www.tebeo.bzh\/video\/bonjour-bretagne-393\/\" target=\"_blank\" rel=\"noreferrer noopener\">&#8220;Bonjour Bretagne, sp\u00e9cial mer&#8221; <\/a>on the RISCOREV project in Guiss\u00e9ny, broadcast on 11th June.<\/p>\n\n\n\n<p>2024: Article in La vie ouvri\u00e8re, published in July, entitled <a href=\"https:\/\/nvo.fr\/nvo-mag\/?num=60848\/\" target=\"_blank\" rel=\"noreferrer noopener\">&#8220;Guiss\u00e9ny (Finist\u00e8re), le bord de mer contre vents et mar\u00e9es&#8221;<\/a> (Guiss\u00e9ny, Finist\u00e8re, the seaside against winds and tides) for the presentation of the RISCOREV demonstrator.<\/p>\n\n\n\n<p>2023: Broadcast on Radio \u00c9vasion in January &#8211;\u00a0&#8220;<a href=\"https:\/\/www.isblue.fr\/actualites\/lequipe-du-projet-riscorev-sur-les-ondes-de-radio-evasion\/\">La r\u00e9alit\u00e9 virtuelle pour sensibiliser aux risques c\u00f4tiers en Finist\u00e8re avec RISCOREV<\/a>&#8220;<\/p>\n\n\n\n<p>2022: <em>Ouest-France <\/em>article published in December &#8211; &#8220;<a href=\"https:\/\/www.ouest-france.fr\/bretagne\/guisseny-29880\/un-plein-dinfos-environnementales-pour-le-conseil-28ca1466-7d30-11ed-86d5-01579cf761ae\">Guiss\u00e9ny. Un plein d\u2019infos environnementales pour le conseil<\/a>&#8220;<\/p>\n","protected":false},"excerpt":{"rendered":"","protected":false},"author":40,"featured_media":14681,"parent":0,"menu_order":194,"comment_status":"closed","ping_status":"closed","template":"","meta":{"_acf_changed":false,"footnotes":""},"acf":[],"yoast_head":"<!-- This site is optimized with the Yoast SEO plugin v21.9 - https:\/\/yoast.com\/wordpress\/plugins\/seo\/ -->\n<title>RISCOREV: COastal RISks and Virtual REality - Ecole Universitaire de Recherche en sciences &amp; technologies marines<\/title>\n<meta name=\"robots\" content=\"index, follow, max-snippet:-1, max-image-preview:large, max-video-preview:-1\" \/>\n<link rel=\"canonical\" href=\"https:\/\/isblue.fr\/en\/riscorev-coastal-risks-and-virtual-reality\/\" \/>\n<meta property=\"og:locale\" content=\"en_US\" \/>\n<meta property=\"og:type\" content=\"article\" \/>\n<meta property=\"og:title\" content=\"RISCOREV: COastal RISks and Virtual REality - Ecole Universitaire de Recherche en sciences &amp; technologies marines\" \/>\n<meta property=\"og:url\" content=\"https:\/\/isblue.fr\/en\/riscorev-coastal-risks-and-virtual-reality\/\" \/>\n<meta property=\"og:site_name\" content=\"Ecole Universitaire de Recherche en sciences &amp; technologies marines\" \/>\n<meta property=\"article:modified_time\" content=\"2025-07-11T09:49:53+00:00\" \/>\n<meta property=\"og:image\" content=\"https:\/\/isblue.fr\/wp-content\/uploads\/2023\/02\/RISCOREV_logo.png\" \/>\n\t<meta property=\"og:image:width\" content=\"1026\" \/>\n\t<meta property=\"og:image:height\" content=\"627\" \/>\n\t<meta property=\"og:image:type\" content=\"image\/png\" \/>\n<meta name=\"twitter:card\" content=\"summary_large_image\" \/>\n<meta name=\"twitter:label1\" content=\"Est. reading time\" \/>\n\t<meta name=\"twitter:data1\" content=\"3 minutes\" \/>\n<script type=\"application\/ld+json\" class=\"yoast-schema-graph\">{\"@context\":\"https:\/\/schema.org\",\"@graph\":[{\"@type\":\"WebPage\",\"@id\":\"https:\/\/isblue.fr\/en\/riscorev-coastal-risks-and-virtual-reality\/\",\"url\":\"https:\/\/isblue.fr\/en\/riscorev-coastal-risks-and-virtual-reality\/\",\"name\":\"RISCOREV: COastal RISks and Virtual REality - Ecole Universitaire de Recherche en sciences &amp; technologies marines\",\"isPartOf\":{\"@id\":\"https:\/\/isblue.fr\/en\/#website\"},\"datePublished\":\"2023-02-22T11:05:05+00:00\",\"dateModified\":\"2025-07-11T09:49:53+00:00\",\"breadcrumb\":{\"@id\":\"https:\/\/isblue.fr\/en\/riscorev-coastal-risks-and-virtual-reality\/#breadcrumb\"},\"inLanguage\":\"en-US\",\"potentialAction\":[{\"@type\":\"ReadAction\",\"target\":[\"https:\/\/isblue.fr\/en\/riscorev-coastal-risks-and-virtual-reality\/\"]}]},{\"@type\":\"BreadcrumbList\",\"@id\":\"https:\/\/isblue.fr\/en\/riscorev-coastal-risks-and-virtual-reality\/#breadcrumb\",\"itemListElement\":[{\"@type\":\"ListItem\",\"position\":1,\"name\":\"Home\",\"item\":\"https:\/\/isblue.fr\/en\/\"},{\"@type\":\"ListItem\",\"position\":2,\"name\":\"RISCOREV: COastal RISks and Virtual REality\"}]},{\"@type\":\"WebSite\",\"@id\":\"https:\/\/isblue.fr\/en\/#website\",\"url\":\"https:\/\/isblue.fr\/en\/\",\"name\":\"Ecole Universitaire de Recherche en sciences &amp; technologies marines\",\"description\":\"Ecole Universitaire de Recherche en sciences &amp; technologies marines\",\"publisher\":{\"@id\":\"https:\/\/isblue.fr\/en\/#organization\"},\"potentialAction\":[{\"@type\":\"SearchAction\",\"target\":{\"@type\":\"EntryPoint\",\"urlTemplate\":\"https:\/\/isblue.fr\/en\/?s={search_term_string}\"},\"query-input\":\"required name=search_term_string\"}],\"inLanguage\":\"en-US\"},{\"@type\":\"Organization\",\"@id\":\"https:\/\/isblue.fr\/en\/#organization\",\"name\":\"ISblue\",\"url\":\"https:\/\/isblue.fr\/en\/\",\"logo\":{\"@type\":\"ImageObject\",\"inLanguage\":\"en-US\",\"@id\":\"https:\/\/isblue.fr\/en\/#\/schema\/logo\/image\/\",\"url\":\"https:\/\/www.isblue.fr\/wp-content\/uploads\/2020\/11\/logo.png\",\"contentUrl\":\"https:\/\/www.isblue.fr\/wp-content\/uploads\/2020\/11\/logo.png\",\"width\":367,\"height\":49,\"caption\":\"ISblue\"},\"image\":{\"@id\":\"https:\/\/isblue.fr\/en\/#\/schema\/logo\/image\/\"}}]}<\/script>\n<!-- \/ Yoast SEO plugin. -->","yoast_head_json":{"title":"RISCOREV: COastal RISks and Virtual REality - Ecole Universitaire de Recherche en sciences &amp; technologies marines","robots":{"index":"index","follow":"follow","max-snippet":"max-snippet:-1","max-image-preview":"max-image-preview:large","max-video-preview":"max-video-preview:-1"},"canonical":"https:\/\/isblue.fr\/en\/riscorev-coastal-risks-and-virtual-reality\/","og_locale":"en_US","og_type":"article","og_title":"RISCOREV: COastal RISks and Virtual REality - Ecole Universitaire de Recherche en sciences &amp; technologies marines","og_url":"https:\/\/isblue.fr\/en\/riscorev-coastal-risks-and-virtual-reality\/","og_site_name":"Ecole Universitaire de Recherche en sciences &amp; technologies marines","article_modified_time":"2025-07-11T09:49:53+00:00","og_image":[{"width":1026,"height":627,"url":"https:\/\/isblue.fr\/wp-content\/uploads\/2023\/02\/RISCOREV_logo.png","type":"image\/png"}],"twitter_card":"summary_large_image","twitter_misc":{"Est. reading time":"3 minutes"},"schema":{"@context":"https:\/\/schema.org","@graph":[{"@type":"WebPage","@id":"https:\/\/isblue.fr\/en\/riscorev-coastal-risks-and-virtual-reality\/","url":"https:\/\/isblue.fr\/en\/riscorev-coastal-risks-and-virtual-reality\/","name":"RISCOREV: COastal RISks and Virtual REality - Ecole Universitaire de Recherche en sciences &amp; technologies marines","isPartOf":{"@id":"https:\/\/isblue.fr\/en\/#website"},"datePublished":"2023-02-22T11:05:05+00:00","dateModified":"2025-07-11T09:49:53+00:00","breadcrumb":{"@id":"https:\/\/isblue.fr\/en\/riscorev-coastal-risks-and-virtual-reality\/#breadcrumb"},"inLanguage":"en-US","potentialAction":[{"@type":"ReadAction","target":["https:\/\/isblue.fr\/en\/riscorev-coastal-risks-and-virtual-reality\/"]}]},{"@type":"BreadcrumbList","@id":"https:\/\/isblue.fr\/en\/riscorev-coastal-risks-and-virtual-reality\/#breadcrumb","itemListElement":[{"@type":"ListItem","position":1,"name":"Home","item":"https:\/\/isblue.fr\/en\/"},{"@type":"ListItem","position":2,"name":"RISCOREV: COastal RISks and Virtual REality"}]},{"@type":"WebSite","@id":"https:\/\/isblue.fr\/en\/#website","url":"https:\/\/isblue.fr\/en\/","name":"Ecole Universitaire de Recherche en sciences &amp; technologies marines","description":"Ecole Universitaire de Recherche en sciences &amp; technologies marines","publisher":{"@id":"https:\/\/isblue.fr\/en\/#organization"},"potentialAction":[{"@type":"SearchAction","target":{"@type":"EntryPoint","urlTemplate":"https:\/\/isblue.fr\/en\/?s={search_term_string}"},"query-input":"required name=search_term_string"}],"inLanguage":"en-US"},{"@type":"Organization","@id":"https:\/\/isblue.fr\/en\/#organization","name":"ISblue","url":"https:\/\/isblue.fr\/en\/","logo":{"@type":"ImageObject","inLanguage":"en-US","@id":"https:\/\/isblue.fr\/en\/#\/schema\/logo\/image\/","url":"https:\/\/www.isblue.fr\/wp-content\/uploads\/2020\/11\/logo.png","contentUrl":"https:\/\/www.isblue.fr\/wp-content\/uploads\/2020\/11\/logo.png","width":367,"height":49,"caption":"ISblue"},"image":{"@id":"https:\/\/isblue.fr\/en\/#\/schema\/logo\/image\/"}}]}},"_links":{"self":[{"href":"https:\/\/isblue.fr\/en\/wp-json\/wp\/v2\/pages\/18899"}],"collection":[{"href":"https:\/\/isblue.fr\/en\/wp-json\/wp\/v2\/pages"}],"about":[{"href":"https:\/\/isblue.fr\/en\/wp-json\/wp\/v2\/types\/page"}],"author":[{"embeddable":true,"href":"https:\/\/isblue.fr\/en\/wp-json\/wp\/v2\/users\/40"}],"replies":[{"embeddable":true,"href":"https:\/\/isblue.fr\/en\/wp-json\/wp\/v2\/comments?post=18899"}],"version-history":[{"count":11,"href":"https:\/\/isblue.fr\/en\/wp-json\/wp\/v2\/pages\/18899\/revisions"}],"predecessor-version":[{"id":28314,"href":"https:\/\/isblue.fr\/en\/wp-json\/wp\/v2\/pages\/18899\/revisions\/28314"}],"wp:featuredmedia":[{"embeddable":true,"href":"https:\/\/isblue.fr\/en\/wp-json\/wp\/v2\/media\/14681"}],"wp:attachment":[{"href":"https:\/\/isblue.fr\/en\/wp-json\/wp\/v2\/media?parent=18899"}],"curies":[{"name":"wp","href":"https:\/\/api.w.org\/{rel}","templated":true}]}}