{"id":6845,"date":"2022-04-08T11:36:39","date_gmt":"2022-04-08T09:36:39","guid":{"rendered":"https:\/\/www.isblue.fr\/outils-et-instrumentation\/"},"modified":"2022-05-17T15:30:20","modified_gmt":"2022-05-17T13:30:20","slug":"outils-et-instrumentation","status":"publish","type":"page","link":"https:\/\/isblue.fr\/en\/oceanographic-cruise-resilience-2022\/la-science-a-bord\/outils-et-instrumentation\/","title":{"rendered":"Tools and instruments"},"content":{"rendered":"\n<p>To discover the instruments used during the campaign, as well as explanations on how the different components of the ecosystem are studied, we propose two formats of documents:<\/p>\n\n\n\n<div class=\"wp-block-columns is-layout-flex wp-container-core-columns-is-layout-1 wp-block-columns-is-layout-flex\">\n<div class=\"wp-block-column is-layout-flow wp-block-column-is-layout-flow\">\n  <div class=\"wrap_acf_blocks__bubbles_v2\">\n\n     <div class=\"wrap_bubbles\">\n       \n          <div class=\"wrap_bubble\">\n             <div class=\"side\">\n               <div class=\"lazy\" data-src=\"https:\/\/isblue.fr\/wp-content\/uploads\/2022\/05\/Screenshot-from-2022-05-14-14-43-27-300x269.png\"><\/div>\n                <div class=\"bubble__body\">\n\n                   <h4>\n                     Instruments&#8217; resumes                      <br>\n                      <span><\/span>\n                   <\/h4>\n\n                <\/div>\n             <\/div>\n\n             <div class=\"aside\">\n                <div class=\"bubble__desc\">\n\n                   <h3>\n                      <span><\/span>\n                                         <\/h3>\n\n                   <div class=\"wrap_field_editor\">\n                      <p style=\"text-align: left\">The scientific instruments deployed present themselves to you: professional overview, training, skills and interests are detailed in the form of a <a href=\"https:\/\/www.isblue.fr\/universite-flottante-campagne-resilience-2022\/la-science-a-bord\/les-curriculum-vitae-des-instruments\/\">Curriculum Vitae<\/a>\u00a0!<\/p>\n                   <\/div>\n\n                <\/div>\n             <\/div>\n\n          <\/div>\n\n             <\/div>\n\n  <\/div>\n  <\/div>\n\n\n\n<div class=\"wp-block-column is-layout-flow wp-block-column-is-layout-flow\">\n  <div class=\"wrap_acf_blocks__bubbles_v2\">\n\n     <div class=\"wrap_bubbles\">\n       \n          <div class=\"wrap_bubble\">\n             <div class=\"side\">\n               <div class=\"lazy\" data-src=\"https:\/\/isblue.fr\/wp-content\/uploads\/2022\/05\/Screenshot-from-2022-05-15-11-20-22-300x251.jpg\"><\/div>\n                <div class=\"bubble__body\">\n\n                   <h4>\n                     Blog                      <br>\n                      <span><\/span>\n                   <\/h4>\n\n                <\/div>\n             <\/div>\n\n             <div class=\"aside\">\n                <div class=\"bubble__desc\">\n\n                   <h3>\n                      <span><\/span>\n                                         <\/h3>\n\n                   <div class=\"wrap_field_editor\">\n                      <p style=\"text-align: left\">Instruments and methods used on board are described by students in <a href=\"https:\/\/www.isblue.fr\/en\/universite-flottante-campagne-resilience-2022\/la-science-a-bord\/instruments-and-methods-blog\/\">articles<\/a>.<\/p>\n                   <\/div>\n\n                <\/div>\n             <\/div>\n\n          <\/div>\n\n             <\/div>\n\n  <\/div>\n  <\/div>\n<\/div>\n\n\n\n<div style=\"height:100px\" aria-hidden=\"true\" class=\"wp-block-spacer\"><\/div>\n\n\n\n<figure class=\"wp-block-gallery has-nested-images columns-default is-cropped wp-block-gallery-1 is-layout-flex wp-block-gallery-is-layout-flex\">\n<figure class=\"wp-block-image size-large\"><img decoding=\"async\" width=\"1200\" height=\"900\" data-id=\"7307\" src=\"https:\/\/www.isblue.fr\/wp-content\/uploads\/2022\/04\/IMG_7370-2-1200x900.jpg\" alt=\"les ing\u00e9nieurs et op\u00e9rateurs de bord r\u00e9cup\u00e8re la rosette, instrument central de pr\u00e9l\u00e8vement d'eau et de mesures diverses tout au long de la mission (C. Mocquet)\" class=\"wp-image-7307\" srcset=\"https:\/\/isblue.fr\/wp-content\/uploads\/2022\/04\/IMG_7370-2-1200x900.jpg 1200w, https:\/\/isblue.fr\/wp-content\/uploads\/2022\/04\/IMG_7370-2-800x600.jpg 800w, https:\/\/isblue.fr\/wp-content\/uploads\/2022\/04\/IMG_7370-2-768x576.jpg 768w, https:\/\/isblue.fr\/wp-content\/uploads\/2022\/04\/IMG_7370-2-1900x1425.jpg 1900w, https:\/\/isblue.fr\/wp-content\/uploads\/2022\/04\/IMG_7370-2-300x225.jpg 300w, https:\/\/isblue.fr\/wp-content\/uploads\/2022\/04\/IMG_7370-2-1536x1152.jpg 1536w, https:\/\/isblue.fr\/wp-content\/uploads\/2022\/04\/IMG_7370-2-2048x1536.jpg 2048w, https:\/\/isblue.fr\/wp-content\/uploads\/2022\/04\/IMG_7370-2-1707x1280.jpg 1707w\" sizes=\"(max-width: 1200px) 100vw, 1200px\" \/><\/figure>\n\n\n\n<figure class=\"wp-block-image size-large\"><img decoding=\"async\" width=\"1200\" height=\"900\" data-id=\"7302\" src=\"https:\/\/www.isblue.fr\/wp-content\/uploads\/2022\/04\/IMG_7422-1200x900.jpg\" alt=\"Angele observe un \u00e9chantillon de zooplancton pr\u00e9lev\u00e9 au Multinet (C. Mocquet)\" class=\"wp-image-7302\" srcset=\"https:\/\/isblue.fr\/wp-content\/uploads\/2022\/04\/IMG_7422-1200x900.jpg 1200w, https:\/\/isblue.fr\/wp-content\/uploads\/2022\/04\/IMG_7422-800x600.jpg 800w, https:\/\/isblue.fr\/wp-content\/uploads\/2022\/04\/IMG_7422-768x576.jpg 768w, https:\/\/isblue.fr\/wp-content\/uploads\/2022\/04\/IMG_7422-1900x1425.jpg 1900w, https:\/\/isblue.fr\/wp-content\/uploads\/2022\/04\/IMG_7422-300x225.jpg 300w, https:\/\/isblue.fr\/wp-content\/uploads\/2022\/04\/IMG_7422-1536x1152.jpg 1536w, https:\/\/isblue.fr\/wp-content\/uploads\/2022\/04\/IMG_7422-2048x1536.jpg 2048w, https:\/\/isblue.fr\/wp-content\/uploads\/2022\/04\/IMG_7422-1707x1280.jpg 1707w\" sizes=\"(max-width: 1200px) 100vw, 1200px\" \/><\/figure>\n\n\n\n<figure class=\"wp-block-image size-large\"><img decoding=\"async\" width=\"900\" height=\"1200\" data-id=\"7300\" src=\"https:\/\/www.isblue.fr\/wp-content\/uploads\/2022\/04\/IMG_7412-900x1200.jpg\" alt=\"Simon pr\u00e9l\u00e8ve de l'eau \u00e9chantillonn\u00e9e \u00e0 2000m de profondeur proche de l'ile Europa pour des mesures d'oxyg\u00e8ne (C. Mocquet)\" class=\"wp-image-7300\" srcset=\"https:\/\/isblue.fr\/wp-content\/uploads\/2022\/04\/IMG_7412-900x1200.jpg 900w, https:\/\/isblue.fr\/wp-content\/uploads\/2022\/04\/IMG_7412-600x800.jpg 600w, https:\/\/isblue.fr\/wp-content\/uploads\/2022\/04\/IMG_7412-768x1024.jpg 768w, https:\/\/isblue.fr\/wp-content\/uploads\/2022\/04\/IMG_7412-1425x1900.jpg 1425w, https:\/\/isblue.fr\/wp-content\/uploads\/2022\/04\/IMG_7412-225x300.jpg 225w, https:\/\/isblue.fr\/wp-content\/uploads\/2022\/04\/IMG_7412-1152x1536.jpg 1152w, https:\/\/isblue.fr\/wp-content\/uploads\/2022\/04\/IMG_7412-960x1280.jpg 960w, https:\/\/isblue.fr\/wp-content\/uploads\/2022\/04\/IMG_7412.jpg 1500w\" sizes=\"(max-width: 900px) 100vw, 900px\" \/><\/figure>\n<\/figure>\n\n\n\n<div style=\"height:100px\" aria-hidden=\"true\" class=\"wp-block-spacer\"><\/div>\n\n\n\n<h2 class=\"wp-block-heading\">Continue your browsing<\/h2>\n\n\n\n  <div class=\"wrap_acf_blocks__publications-cards\">\n\n     <div class=\"wrap_cards\">\n\n        \n                      <a class=\"wrap_card\" href=\"https:\/\/isblue.fr\/en\/oceanographic-cruise-resilience-2022\/la-science-a-bord\/conferences-scientifiques\/\">\n\n               <div class=\"lazy\" data-src=\"https:\/\/isblue.fr\/wp-content\/uploads\/2022\/04\/IMG_7339-800x600.jpg\"><\/div>\n\n               <div class=\"wrap_card__body\">\n\n                  <h3>Scientific conferences<\/h3>\n\n                  <span class=\"btn_all\">\n                     <i class=\"i_svg\"><?xml version=\"1.0\" encoding=\"UTF-8\" standalone=\"no\"?>\n<!DOCTYPE svg PUBLIC \"-\/\/W3C\/\/DTD SVG 1.1\/\/EN\" \"http:\/\/www.w3.org\/Graphics\/SVG\/1.1\/DTD\/svg11.dtd\">\n<svg width=\"100%\" height=\"100%\" viewBox=\"0 0 38 37\" version=\"1.1\" xmlns=\"http:\/\/www.w3.org\/2000\/svg\" xmlns:xlink=\"http:\/\/www.w3.org\/1999\/xlink\" xml:space=\"preserve\" xmlns:serif=\"http:\/\/www.serif.com\/\" style=\"fill-rule:evenodd;clip-rule:evenodd;stroke-linecap:round;stroke-linejoin:round;\">\n    <g id=\"Artboard1\" transform=\"matrix(1,0,0,1.71795,0,0)\">\n        <rect x=\"0\" y=\"0\" width=\"38\" height=\"21.254\" style=\"fill:none;\"\/>\n        <g transform=\"matrix(1.57114,0,0,0.914547,-2.36719,-8.40305)\">\n            <circle class=\"bg\" cx=\"13.6\" cy=\"20.808\" r=\"11.197\" style=\"fill:none;\"\/>\n        <\/g>\n        <g class=\"fleche\" transform=\"matrix(1,0,0,0.58209,1.75,0.586074)\">\n            <g class=\"arrow\">\n                <g>\n                    <g transform=\"matrix(1,0,0,1,18,15)\">\n                        <path d=\"M0,0L5,2.884L0,6\" style=\"fill:none;stroke:#002638;stroke-width:1.5px;\"\/>\n                    <\/g>\n                    <g transform=\"matrix(1,0,0,1,13,17.7714)\">\n                        <path d=\"M0,0.271L9,0.229\" style=\"fill:none;stroke:#002638;stroke-width:1.5px;\"\/>\n                    <\/g>\n                <\/g>\n            <\/g>\n        <\/g>\n        <g transform=\"matrix(1,0,0,0.58209,1,0.149507)\">\n            <path class=\"circle\" d=\"M18,36C27.941,36 36,27.941 36,18C36,8.059 27.941,0 18,0C8.059,0 0,8.059 0,18C0,27.941 8.059,36 18,36ZM18,34C9.163,34 2,26.837 2,18C2,9.163 9.163,2 18,2C26.837,2 34,9.163 34,18C34,26.837 26.837,34 18,34Z\" style=\"fill:#002638;\"\/>\n        <\/g>\n    <\/g>\n<\/svg>\n<\/i>\n                  <\/span>\n\n               <\/div>\n\n            <\/a>\n          \n        \n                      <a class=\"wrap_card\" href=\"https:\/\/isblue.fr\/en\/oceanographic-cruise-resilience-2022\/equipes-et-metiers\/\">\n\n               <div class=\"lazy\" data-src=\"https:\/\/isblue.fr\/wp-content\/uploads\/2022\/04\/IMG_7187-2-600x800.jpg\"><\/div>\n\n               <div class=\"wrap_card__body\">\n\n                  <h3>People on board<\/h3>\n\n                  <span class=\"btn_all\">\n                     <i class=\"i_svg\"><?xml version=\"1.0\" encoding=\"UTF-8\" standalone=\"no\"?>\n<!DOCTYPE svg PUBLIC \"-\/\/W3C\/\/DTD SVG 1.1\/\/EN\" \"http:\/\/www.w3.org\/Graphics\/SVG\/1.1\/DTD\/svg11.dtd\">\n<svg width=\"100%\" height=\"100%\" viewBox=\"0 0 38 37\" version=\"1.1\" xmlns=\"http:\/\/www.w3.org\/2000\/svg\" xmlns:xlink=\"http:\/\/www.w3.org\/1999\/xlink\" xml:space=\"preserve\" xmlns:serif=\"http:\/\/www.serif.com\/\" style=\"fill-rule:evenodd;clip-rule:evenodd;stroke-linecap:round;stroke-linejoin:round;\">\n    <g id=\"Artboard1\" transform=\"matrix(1,0,0,1.71795,0,0)\">\n        <rect x=\"0\" y=\"0\" width=\"38\" height=\"21.254\" style=\"fill:none;\"\/>\n        <g transform=\"matrix(1.57114,0,0,0.914547,-2.36719,-8.40305)\">\n            <circle class=\"bg\" cx=\"13.6\" cy=\"20.808\" r=\"11.197\" style=\"fill:none;\"\/>\n        <\/g>\n        <g class=\"fleche\" transform=\"matrix(1,0,0,0.58209,1.75,0.586074)\">\n            <g class=\"arrow\">\n                <g>\n                    <g transform=\"matrix(1,0,0,1,18,15)\">\n                        <path d=\"M0,0L5,2.884L0,6\" style=\"fill:none;stroke:#002638;stroke-width:1.5px;\"\/>\n                    <\/g>\n                    <g transform=\"matrix(1,0,0,1,13,17.7714)\">\n                        <path d=\"M0,0.271L9,0.229\" style=\"fill:none;stroke:#002638;stroke-width:1.5px;\"\/>\n                    <\/g>\n                <\/g>\n            <\/g>\n        <\/g>\n        <g transform=\"matrix(1,0,0,0.58209,1,0.149507)\">\n            <path class=\"circle\" d=\"M18,36C27.941,36 36,27.941 36,18C36,8.059 27.941,0 18,0C8.059,0 0,8.059 0,18C0,27.941 8.059,36 18,36ZM18,34C9.163,34 2,26.837 2,18C2,9.163 9.163,2 18,2C26.837,2 34,9.163 34,18C34,26.837 26.837,34 18,34Z\" style=\"fill:#002638;\"\/>\n        <\/g>\n    <\/g>\n<\/svg>\n<\/i>\n                  <\/span>\n\n               <\/div>\n\n            <\/a>\n          \n        \n     <\/div>\n\n  <\/div>\n  \n\n\n  <p class=\"wrap_zip_block-btn\">\n     <a class=\"zip_block-btn btn1\" href=\"\" target=\"\">Back to the home page<\/a>\n  <\/p>\n  ","protected":false},"excerpt":{"rendered":"","protected":false},"author":2,"featured_media":7265,"parent":6948,"menu_order":288,"comment_status":"closed","ping_status":"closed","template":"","meta":{"_acf_changed":false,"footnotes":""},"acf":[],"yoast_head":"<!-- This site is optimized with the Yoast SEO plugin v21.9 - https:\/\/yoast.com\/wordpress\/plugins\/seo\/ -->\n<title>Tools and instruments - Ecole Universitaire de Recherche en sciences &amp; technologies marines<\/title>\n<meta name=\"robots\" content=\"index, follow, max-snippet:-1, max-image-preview:large, max-video-preview:-1\" \/>\n<link rel=\"canonical\" href=\"https:\/\/isblue.fr\/en\/oceanographic-cruise-resilience-2022\/la-science-a-bord\/outils-et-instrumentation\/\" \/>\n<meta property=\"og:locale\" content=\"en_US\" \/>\n<meta property=\"og:type\" content=\"article\" \/>\n<meta property=\"og:title\" content=\"Tools and instruments - Ecole Universitaire de Recherche en sciences &amp; technologies marines\" \/>\n<meta property=\"og:url\" content=\"https:\/\/isblue.fr\/en\/oceanographic-cruise-resilience-2022\/la-science-a-bord\/outils-et-instrumentation\/\" \/>\n<meta property=\"og:site_name\" content=\"Ecole Universitaire de Recherche en sciences &amp; technologies marines\" \/>\n<meta property=\"article:modified_time\" content=\"2022-05-17T13:30:20+00:00\" \/>\n<meta property=\"og:image\" content=\"https:\/\/isblue.fr\/wp-content\/uploads\/2022\/04\/Fig-4.jpg\" \/>\n\t<meta property=\"og:image:width\" content=\"2400\" \/>\n\t<meta property=\"og:image:height\" content=\"1600\" \/>\n\t<meta property=\"og:image:type\" content=\"image\/jpeg\" \/>\n<meta name=\"twitter:card\" content=\"summary_large_image\" \/>\n<meta name=\"twitter:label1\" content=\"Est. reading time\" \/>\n\t<meta name=\"twitter:data1\" content=\"1 minute\" \/>\n<script type=\"application\/ld+json\" class=\"yoast-schema-graph\">{\"@context\":\"https:\/\/schema.org\",\"@graph\":[{\"@type\":\"WebPage\",\"@id\":\"https:\/\/isblue.fr\/en\/oceanographic-cruise-resilience-2022\/la-science-a-bord\/outils-et-instrumentation\/\",\"url\":\"https:\/\/isblue.fr\/en\/oceanographic-cruise-resilience-2022\/la-science-a-bord\/outils-et-instrumentation\/\",\"name\":\"Tools and instruments - Ecole Universitaire de Recherche en sciences &amp; technologies marines\",\"isPartOf\":{\"@id\":\"https:\/\/isblue.fr\/en\/#website\"},\"datePublished\":\"2022-04-08T09:36:39+00:00\",\"dateModified\":\"2022-05-17T13:30:20+00:00\",\"breadcrumb\":{\"@id\":\"https:\/\/isblue.fr\/en\/oceanographic-cruise-resilience-2022\/la-science-a-bord\/outils-et-instrumentation\/#breadcrumb\"},\"inLanguage\":\"en-US\",\"potentialAction\":[{\"@type\":\"ReadAction\",\"target\":[\"https:\/\/isblue.fr\/en\/oceanographic-cruise-resilience-2022\/la-science-a-bord\/outils-et-instrumentation\/\"]}]},{\"@type\":\"BreadcrumbList\",\"@id\":\"https:\/\/isblue.fr\/en\/oceanographic-cruise-resilience-2022\/la-science-a-bord\/outils-et-instrumentation\/#breadcrumb\",\"itemListElement\":[{\"@type\":\"ListItem\",\"position\":1,\"name\":\"Home\",\"item\":\"https:\/\/isblue.fr\/en\/\"},{\"@type\":\"ListItem\",\"position\":2,\"name\":\"Oceanographic cruise RESILIENCE 2022\",\"item\":\"https:\/\/isblue.fr\/en\/oceanographic-cruise-resilience-2022\/\"},{\"@type\":\"ListItem\",\"position\":3,\"name\":\"Science on board\",\"item\":\"https:\/\/isblue.fr\/en\/oceanographic-cruise-resilience-2022\/la-science-a-bord\/\"},{\"@type\":\"ListItem\",\"position\":4,\"name\":\"Tools and instruments\"}]},{\"@type\":\"WebSite\",\"@id\":\"https:\/\/isblue.fr\/en\/#website\",\"url\":\"https:\/\/isblue.fr\/en\/\",\"name\":\"Ecole Universitaire de Recherche en sciences &amp; technologies marines\",\"description\":\"Ecole Universitaire de Recherche en sciences &amp; technologies marines\",\"publisher\":{\"@id\":\"https:\/\/isblue.fr\/en\/#organization\"},\"potentialAction\":[{\"@type\":\"SearchAction\",\"target\":{\"@type\":\"EntryPoint\",\"urlTemplate\":\"https:\/\/isblue.fr\/en\/?s={search_term_string}\"},\"query-input\":\"required name=search_term_string\"}],\"inLanguage\":\"en-US\"},{\"@type\":\"Organization\",\"@id\":\"https:\/\/isblue.fr\/en\/#organization\",\"name\":\"ISblue\",\"url\":\"https:\/\/isblue.fr\/en\/\",\"logo\":{\"@type\":\"ImageObject\",\"inLanguage\":\"en-US\",\"@id\":\"https:\/\/isblue.fr\/en\/#\/schema\/logo\/image\/\",\"url\":\"https:\/\/www.isblue.fr\/wp-content\/uploads\/2020\/11\/logo.png\",\"contentUrl\":\"https:\/\/www.isblue.fr\/wp-content\/uploads\/2020\/11\/logo.png\",\"width\":367,\"height\":49,\"caption\":\"ISblue\"},\"image\":{\"@id\":\"https:\/\/isblue.fr\/en\/#\/schema\/logo\/image\/\"}}]}<\/script>\n<!-- \/ Yoast SEO plugin. -->","yoast_head_json":{"title":"Tools and instruments - Ecole Universitaire de Recherche en sciences &amp; technologies marines","robots":{"index":"index","follow":"follow","max-snippet":"max-snippet:-1","max-image-preview":"max-image-preview:large","max-video-preview":"max-video-preview:-1"},"canonical":"https:\/\/isblue.fr\/en\/oceanographic-cruise-resilience-2022\/la-science-a-bord\/outils-et-instrumentation\/","og_locale":"en_US","og_type":"article","og_title":"Tools and instruments - Ecole Universitaire de Recherche en sciences &amp; technologies marines","og_url":"https:\/\/isblue.fr\/en\/oceanographic-cruise-resilience-2022\/la-science-a-bord\/outils-et-instrumentation\/","og_site_name":"Ecole Universitaire de Recherche en sciences &amp; technologies marines","article_modified_time":"2022-05-17T13:30:20+00:00","og_image":[{"width":2400,"height":1600,"url":"https:\/\/isblue.fr\/wp-content\/uploads\/2022\/04\/Fig-4.jpg","type":"image\/jpeg"}],"twitter_card":"summary_large_image","twitter_misc":{"Est. reading time":"1 minute"},"schema":{"@context":"https:\/\/schema.org","@graph":[{"@type":"WebPage","@id":"https:\/\/isblue.fr\/en\/oceanographic-cruise-resilience-2022\/la-science-a-bord\/outils-et-instrumentation\/","url":"https:\/\/isblue.fr\/en\/oceanographic-cruise-resilience-2022\/la-science-a-bord\/outils-et-instrumentation\/","name":"Tools and instruments - Ecole Universitaire de Recherche en sciences &amp; technologies marines","isPartOf":{"@id":"https:\/\/isblue.fr\/en\/#website"},"datePublished":"2022-04-08T09:36:39+00:00","dateModified":"2022-05-17T13:30:20+00:00","breadcrumb":{"@id":"https:\/\/isblue.fr\/en\/oceanographic-cruise-resilience-2022\/la-science-a-bord\/outils-et-instrumentation\/#breadcrumb"},"inLanguage":"en-US","potentialAction":[{"@type":"ReadAction","target":["https:\/\/isblue.fr\/en\/oceanographic-cruise-resilience-2022\/la-science-a-bord\/outils-et-instrumentation\/"]}]},{"@type":"BreadcrumbList","@id":"https:\/\/isblue.fr\/en\/oceanographic-cruise-resilience-2022\/la-science-a-bord\/outils-et-instrumentation\/#breadcrumb","itemListElement":[{"@type":"ListItem","position":1,"name":"Home","item":"https:\/\/isblue.fr\/en\/"},{"@type":"ListItem","position":2,"name":"Oceanographic cruise RESILIENCE 2022","item":"https:\/\/isblue.fr\/en\/oceanographic-cruise-resilience-2022\/"},{"@type":"ListItem","position":3,"name":"Science on board","item":"https:\/\/isblue.fr\/en\/oceanographic-cruise-resilience-2022\/la-science-a-bord\/"},{"@type":"ListItem","position":4,"name":"Tools and instruments"}]},{"@type":"WebSite","@id":"https:\/\/isblue.fr\/en\/#website","url":"https:\/\/isblue.fr\/en\/","name":"Ecole Universitaire de Recherche en sciences &amp; technologies marines","description":"Ecole Universitaire de Recherche en sciences &amp; technologies marines","publisher":{"@id":"https:\/\/isblue.fr\/en\/#organization"},"potentialAction":[{"@type":"SearchAction","target":{"@type":"EntryPoint","urlTemplate":"https:\/\/isblue.fr\/en\/?s={search_term_string}"},"query-input":"required name=search_term_string"}],"inLanguage":"en-US"},{"@type":"Organization","@id":"https:\/\/isblue.fr\/en\/#organization","name":"ISblue","url":"https:\/\/isblue.fr\/en\/","logo":{"@type":"ImageObject","inLanguage":"en-US","@id":"https:\/\/isblue.fr\/en\/#\/schema\/logo\/image\/","url":"https:\/\/www.isblue.fr\/wp-content\/uploads\/2020\/11\/logo.png","contentUrl":"https:\/\/www.isblue.fr\/wp-content\/uploads\/2020\/11\/logo.png","width":367,"height":49,"caption":"ISblue"},"image":{"@id":"https:\/\/isblue.fr\/en\/#\/schema\/logo\/image\/"}}]}},"_links":{"self":[{"href":"https:\/\/isblue.fr\/en\/wp-json\/wp\/v2\/pages\/6845"}],"collection":[{"href":"https:\/\/isblue.fr\/en\/wp-json\/wp\/v2\/pages"}],"about":[{"href":"https:\/\/isblue.fr\/en\/wp-json\/wp\/v2\/types\/page"}],"author":[{"embeddable":true,"href":"https:\/\/isblue.fr\/en\/wp-json\/wp\/v2\/users\/2"}],"replies":[{"embeddable":true,"href":"https:\/\/isblue.fr\/en\/wp-json\/wp\/v2\/comments?post=6845"}],"version-history":[{"count":3,"href":"https:\/\/isblue.fr\/en\/wp-json\/wp\/v2\/pages\/6845\/revisions"}],"predecessor-version":[{"id":9262,"href":"https:\/\/isblue.fr\/en\/wp-json\/wp\/v2\/pages\/6845\/revisions\/9262"}],"up":[{"embeddable":true,"href":"https:\/\/isblue.fr\/en\/wp-json\/wp\/v2\/pages\/6948"}],"wp:featuredmedia":[{"embeddable":true,"href":"https:\/\/isblue.fr\/en\/wp-json\/wp\/v2\/media\/7265"}],"wp:attachment":[{"href":"https:\/\/isblue.fr\/en\/wp-json\/wp\/v2\/media?parent=6845"}],"curies":[{"name":"wp","href":"https:\/\/api.w.org\/{rel}","templated":true}]}}