{"id":6908,"date":"2021-03-23T16:57:22","date_gmt":"2021-03-23T15:57:22","guid":{"rendered":"https:\/\/www.isblue.fr\/campagnes-en-mer\/"},"modified":"2025-10-17T12:12:32","modified_gmt":"2025-10-17T10:12:32","slug":"campagnes-en-mer","status":"publish","type":"page","link":"https:\/\/isblue.fr\/en\/training-with-isblue\/campagnes-en-mer\/","title":{"rendered":"Universit\u00e9s Flottantes"},"content":{"rendered":"\n<p>ISblue soutient la formation professionnelle et technique sur terre et sur mer. ISblue propose des financements pour les trajets des \u00e9tudiants qui participent aux campagnes en mer.<\/p>\n\n\n\n  <p class=\"wrap_zip_block-btn\">\n     <a class=\"zip_block-btn btn1\" href=\"https:\/\/www.flotteoceanographique.fr\/La-Flotte-en-action\/Appel-d-offres\/Hauturiers\/Appel-d-offres-Universites-Flottantes-2021\" target=\"\">Appel d&#8217;offres universit\u00e9s flottantes<\/a>\n  <\/p>\n  \n\n\n  <div class=\"wrap_acf_blocks__publications-cards\">\n\n     <div class=\"wrap_cards\">\n\n        \n                      <a class=\"wrap_card\" href=\"https:\/\/isblue.fr\/campagne-mayobs33\/\">\n\n               <div class=\"lazy\" data-src=\"https:\/\/isblue.fr\/wp-content\/uploads\/2025\/09\/IMG_6823-800x450.jpg\"><\/div>\n\n               <div class=\"wrap_card__body\">\n\n                  <h3>Campagne MAYOBS33<\/h3>\n\n                  <span class=\"btn_all\">\n                     <i class=\"i_svg\"><?xml version=\"1.0\" encoding=\"UTF-8\" standalone=\"no\"?>\n<!DOCTYPE svg PUBLIC \"-\/\/W3C\/\/DTD SVG 1.1\/\/EN\" \"http:\/\/www.w3.org\/Graphics\/SVG\/1.1\/DTD\/svg11.dtd\">\n<svg width=\"100%\" height=\"100%\" viewBox=\"0 0 38 37\" version=\"1.1\" xmlns=\"http:\/\/www.w3.org\/2000\/svg\" xmlns:xlink=\"http:\/\/www.w3.org\/1999\/xlink\" xml:space=\"preserve\" xmlns:serif=\"http:\/\/www.serif.com\/\" style=\"fill-rule:evenodd;clip-rule:evenodd;stroke-linecap:round;stroke-linejoin:round;\">\n    <g id=\"Artboard1\" transform=\"matrix(1,0,0,1.71795,0,0)\">\n        <rect x=\"0\" y=\"0\" width=\"38\" height=\"21.254\" style=\"fill:none;\"\/>\n        <g transform=\"matrix(1.57114,0,0,0.914547,-2.36719,-8.40305)\">\n            <circle class=\"bg\" cx=\"13.6\" cy=\"20.808\" r=\"11.197\" style=\"fill:none;\"\/>\n        <\/g>\n        <g class=\"fleche\" transform=\"matrix(1,0,0,0.58209,1.75,0.586074)\">\n            <g class=\"arrow\">\n                <g>\n                    <g transform=\"matrix(1,0,0,1,18,15)\">\n                        <path d=\"M0,0L5,2.884L0,6\" style=\"fill:none;stroke:#002638;stroke-width:1.5px;\"\/>\n                    <\/g>\n                    <g transform=\"matrix(1,0,0,1,13,17.7714)\">\n                        <path d=\"M0,0.271L9,0.229\" style=\"fill:none;stroke:#002638;stroke-width:1.5px;\"\/>\n                    <\/g>\n                <\/g>\n            <\/g>\n        <\/g>\n        <g transform=\"matrix(1,0,0,0.58209,1,0.149507)\">\n            <path class=\"circle\" d=\"M18,36C27.941,36 36,27.941 36,18C36,8.059 27.941,0 18,0C8.059,0 0,8.059 0,18C0,27.941 8.059,36 18,36ZM18,34C9.163,34 2,26.837 2,18C2,9.163 9.163,2 18,2C26.837,2 34,9.163 34,18C34,26.837 26.837,34 18,34Z\" style=\"fill:#002638;\"\/>\n        <\/g>\n    <\/g>\n<\/svg>\n<\/i>\n                  <\/span>\n\n               <\/div>\n\n            <\/a>\n          \n        \n                      <a class=\"wrap_card\" href=\"https:\/\/isblue.fr\/universite-flottante-campagne-haiti-twist-2024\/\">\n\n               <div class=\"lazy\" data-src=\"https:\/\/isblue.fr\/wp-content\/uploads\/2024\/07\/UF_PP_v0-3.jpg\"><\/div>\n\n               <div class=\"wrap_card__body\">\n\n                  <h3>Universit\u00e9 Flottante &#8211; Campagne HAITI-TWIST 2024<\/h3>\n\n                  <span class=\"btn_all\">\n                     <i class=\"i_svg\"><?xml version=\"1.0\" encoding=\"UTF-8\" standalone=\"no\"?>\n<!DOCTYPE svg PUBLIC \"-\/\/W3C\/\/DTD SVG 1.1\/\/EN\" \"http:\/\/www.w3.org\/Graphics\/SVG\/1.1\/DTD\/svg11.dtd\">\n<svg width=\"100%\" height=\"100%\" viewBox=\"0 0 38 37\" version=\"1.1\" xmlns=\"http:\/\/www.w3.org\/2000\/svg\" xmlns:xlink=\"http:\/\/www.w3.org\/1999\/xlink\" xml:space=\"preserve\" xmlns:serif=\"http:\/\/www.serif.com\/\" style=\"fill-rule:evenodd;clip-rule:evenodd;stroke-linecap:round;stroke-linejoin:round;\">\n    <g id=\"Artboard1\" transform=\"matrix(1,0,0,1.71795,0,0)\">\n        <rect x=\"0\" y=\"0\" width=\"38\" height=\"21.254\" style=\"fill:none;\"\/>\n        <g transform=\"matrix(1.57114,0,0,0.914547,-2.36719,-8.40305)\">\n            <circle class=\"bg\" cx=\"13.6\" cy=\"20.808\" r=\"11.197\" style=\"fill:none;\"\/>\n        <\/g>\n        <g class=\"fleche\" transform=\"matrix(1,0,0,0.58209,1.75,0.586074)\">\n            <g class=\"arrow\">\n                <g>\n                    <g transform=\"matrix(1,0,0,1,18,15)\">\n                        <path d=\"M0,0L5,2.884L0,6\" style=\"fill:none;stroke:#002638;stroke-width:1.5px;\"\/>\n                    <\/g>\n                    <g transform=\"matrix(1,0,0,1,13,17.7714)\">\n                        <path d=\"M0,0.271L9,0.229\" style=\"fill:none;stroke:#002638;stroke-width:1.5px;\"\/>\n                    <\/g>\n                <\/g>\n            <\/g>\n        <\/g>\n        <g transform=\"matrix(1,0,0,0.58209,1,0.149507)\">\n            <path class=\"circle\" d=\"M18,36C27.941,36 36,27.941 36,18C36,8.059 27.941,0 18,0C8.059,0 0,8.059 0,18C0,27.941 8.059,36 18,36ZM18,34C9.163,34 2,26.837 2,18C2,9.163 9.163,2 18,2C26.837,2 34,9.163 34,18C34,26.837 26.837,34 18,34Z\" style=\"fill:#002638;\"\/>\n        <\/g>\n    <\/g>\n<\/svg>\n<\/i>\n                  <\/span>\n\n               <\/div>\n\n            <\/a>\n          \n        \n                      <a class=\"wrap_card\" href=\"https:\/\/isblue.fr\/universite-flottante-campagne-sezam\/\">\n\n               <div class=\"lazy\" data-src=\"https:\/\/isblue.fr\/wp-content\/uploads\/2024\/08\/SEZAMnniversaire-vierge-01-800x493.jpg\"><\/div>\n\n               <div class=\"wrap_card__body\">\n\n                  <h3>Universit\u00e9 Flottante &#8211; Campagne SEZAM 2024<\/h3>\n\n                  <span class=\"btn_all\">\n                     <i class=\"i_svg\"><?xml version=\"1.0\" encoding=\"UTF-8\" standalone=\"no\"?>\n<!DOCTYPE svg PUBLIC \"-\/\/W3C\/\/DTD SVG 1.1\/\/EN\" \"http:\/\/www.w3.org\/Graphics\/SVG\/1.1\/DTD\/svg11.dtd\">\n<svg width=\"100%\" height=\"100%\" viewBox=\"0 0 38 37\" version=\"1.1\" xmlns=\"http:\/\/www.w3.org\/2000\/svg\" xmlns:xlink=\"http:\/\/www.w3.org\/1999\/xlink\" xml:space=\"preserve\" xmlns:serif=\"http:\/\/www.serif.com\/\" style=\"fill-rule:evenodd;clip-rule:evenodd;stroke-linecap:round;stroke-linejoin:round;\">\n    <g id=\"Artboard1\" transform=\"matrix(1,0,0,1.71795,0,0)\">\n        <rect x=\"0\" y=\"0\" width=\"38\" height=\"21.254\" style=\"fill:none;\"\/>\n        <g transform=\"matrix(1.57114,0,0,0.914547,-2.36719,-8.40305)\">\n            <circle class=\"bg\" cx=\"13.6\" cy=\"20.808\" r=\"11.197\" style=\"fill:none;\"\/>\n        <\/g>\n        <g class=\"fleche\" transform=\"matrix(1,0,0,0.58209,1.75,0.586074)\">\n            <g class=\"arrow\">\n                <g>\n                    <g transform=\"matrix(1,0,0,1,18,15)\">\n                        <path d=\"M0,0L5,2.884L0,6\" style=\"fill:none;stroke:#002638;stroke-width:1.5px;\"\/>\n                    <\/g>\n                    <g transform=\"matrix(1,0,0,1,13,17.7714)\">\n                        <path d=\"M0,0.271L9,0.229\" style=\"fill:none;stroke:#002638;stroke-width:1.5px;\"\/>\n                    <\/g>\n                <\/g>\n            <\/g>\n        <\/g>\n        <g transform=\"matrix(1,0,0,0.58209,1,0.149507)\">\n            <path class=\"circle\" d=\"M18,36C27.941,36 36,27.941 36,18C36,8.059 27.941,0 18,0C8.059,0 0,8.059 0,18C0,27.941 8.059,36 18,36ZM18,34C9.163,34 2,26.837 2,18C2,9.163 9.163,2 18,2C26.837,2 34,9.163 34,18C34,26.837 26.837,34 18,34Z\" style=\"fill:#002638;\"\/>\n        <\/g>\n    <\/g>\n<\/svg>\n<\/i>\n                  <\/span>\n\n               <\/div>\n\n            <\/a>\n          \n        \n                      <a class=\"wrap_card\" href=\"https:\/\/isblue.fr\/universite-flottante-campagne-resilience-2022\/\">\n\n               <div class=\"lazy\" data-src=\"https:\/\/isblue.fr\/wp-content\/uploads\/2022\/04\/Marion-Dufresne-800x250.jpg\"><\/div>\n\n               <div class=\"wrap_card__body\">\n\n                  <h3>Universit\u00e9 Flottante &#8211; Campagne RESILIENCE 2022<\/h3>\n\n                  <span class=\"btn_all\">\n                     <i class=\"i_svg\"><?xml version=\"1.0\" encoding=\"UTF-8\" standalone=\"no\"?>\n<!DOCTYPE svg PUBLIC \"-\/\/W3C\/\/DTD SVG 1.1\/\/EN\" \"http:\/\/www.w3.org\/Graphics\/SVG\/1.1\/DTD\/svg11.dtd\">\n<svg width=\"100%\" height=\"100%\" viewBox=\"0 0 38 37\" version=\"1.1\" xmlns=\"http:\/\/www.w3.org\/2000\/svg\" xmlns:xlink=\"http:\/\/www.w3.org\/1999\/xlink\" xml:space=\"preserve\" xmlns:serif=\"http:\/\/www.serif.com\/\" style=\"fill-rule:evenodd;clip-rule:evenodd;stroke-linecap:round;stroke-linejoin:round;\">\n    <g id=\"Artboard1\" transform=\"matrix(1,0,0,1.71795,0,0)\">\n        <rect x=\"0\" y=\"0\" width=\"38\" height=\"21.254\" style=\"fill:none;\"\/>\n        <g transform=\"matrix(1.57114,0,0,0.914547,-2.36719,-8.40305)\">\n            <circle class=\"bg\" cx=\"13.6\" cy=\"20.808\" r=\"11.197\" style=\"fill:none;\"\/>\n        <\/g>\n        <g class=\"fleche\" transform=\"matrix(1,0,0,0.58209,1.75,0.586074)\">\n            <g class=\"arrow\">\n                <g>\n                    <g transform=\"matrix(1,0,0,1,18,15)\">\n                        <path d=\"M0,0L5,2.884L0,6\" style=\"fill:none;stroke:#002638;stroke-width:1.5px;\"\/>\n                    <\/g>\n                    <g transform=\"matrix(1,0,0,1,13,17.7714)\">\n                        <path d=\"M0,0.271L9,0.229\" style=\"fill:none;stroke:#002638;stroke-width:1.5px;\"\/>\n                    <\/g>\n                <\/g>\n            <\/g>\n        <\/g>\n        <g transform=\"matrix(1,0,0,0.58209,1,0.149507)\">\n            <path class=\"circle\" d=\"M18,36C27.941,36 36,27.941 36,18C36,8.059 27.941,0 18,0C8.059,0 0,8.059 0,18C0,27.941 8.059,36 18,36ZM18,34C9.163,34 2,26.837 2,18C2,9.163 9.163,2 18,2C26.837,2 34,9.163 34,18C34,26.837 26.837,34 18,34Z\" style=\"fill:#002638;\"\/>\n        <\/g>\n    <\/g>\n<\/svg>\n<\/i>\n                  <\/span>\n\n               <\/div>\n\n            <\/a>\n          \n        \n                      <a class=\"wrap_card\" href=\"https:\/\/isblue.fr\/actualites\/universite-flottante-2-etudiantes-isblue-en-campagne-a-la-mer-du-16-aout-au-3-septembre\/\">\n\n               <div class=\"lazy\" data-src=\"https:\/\/isblue.fr\/wp-content\/uploads\/2021\/08\/Le-Pourquoi-Pas-en-2010-800x532.jpg\"><\/div>\n\n               <div class=\"wrap_card__body\">\n\n                  <h3>Ghass 2 &#8211; Universit\u00e9 Flottante &#8211; 2 \u00e9tudiantes ISblue en Campagne \u00e0 la mer &#8211; \u00e9t\u00e9 2021<\/h3>\n\n                  <span class=\"btn_all\">\n                     <i class=\"i_svg\"><?xml version=\"1.0\" encoding=\"UTF-8\" standalone=\"no\"?>\n<!DOCTYPE svg PUBLIC \"-\/\/W3C\/\/DTD SVG 1.1\/\/EN\" \"http:\/\/www.w3.org\/Graphics\/SVG\/1.1\/DTD\/svg11.dtd\">\n<svg width=\"100%\" height=\"100%\" viewBox=\"0 0 38 37\" version=\"1.1\" xmlns=\"http:\/\/www.w3.org\/2000\/svg\" xmlns:xlink=\"http:\/\/www.w3.org\/1999\/xlink\" xml:space=\"preserve\" xmlns:serif=\"http:\/\/www.serif.com\/\" style=\"fill-rule:evenodd;clip-rule:evenodd;stroke-linecap:round;stroke-linejoin:round;\">\n    <g id=\"Artboard1\" transform=\"matrix(1,0,0,1.71795,0,0)\">\n        <rect x=\"0\" y=\"0\" width=\"38\" height=\"21.254\" style=\"fill:none;\"\/>\n        <g transform=\"matrix(1.57114,0,0,0.914547,-2.36719,-8.40305)\">\n            <circle class=\"bg\" cx=\"13.6\" cy=\"20.808\" r=\"11.197\" style=\"fill:none;\"\/>\n        <\/g>\n        <g class=\"fleche\" transform=\"matrix(1,0,0,0.58209,1.75,0.586074)\">\n            <g class=\"arrow\">\n                <g>\n                    <g transform=\"matrix(1,0,0,1,18,15)\">\n                        <path d=\"M0,0L5,2.884L0,6\" style=\"fill:none;stroke:#002638;stroke-width:1.5px;\"\/>\n                    <\/g>\n                    <g transform=\"matrix(1,0,0,1,13,17.7714)\">\n                        <path d=\"M0,0.271L9,0.229\" style=\"fill:none;stroke:#002638;stroke-width:1.5px;\"\/>\n                    <\/g>\n                <\/g>\n            <\/g>\n        <\/g>\n        <g transform=\"matrix(1,0,0,0.58209,1,0.149507)\">\n            <path class=\"circle\" d=\"M18,36C27.941,36 36,27.941 36,18C36,8.059 27.941,0 18,0C8.059,0 0,8.059 0,18C0,27.941 8.059,36 18,36ZM18,34C9.163,34 2,26.837 2,18C2,9.163 9.163,2 18,2C26.837,2 34,9.163 34,18C34,26.837 26.837,34 18,34Z\" style=\"fill:#002638;\"\/>\n        <\/g>\n    <\/g>\n<\/svg>\n<\/i>\n                  <\/span>\n\n               <\/div>\n\n            <\/a>\n          \n        \n     <\/div>\n\n  <\/div>\n  \n\n\n<p><strong><a href=\"https:\/\/universitesflottantes.iuem.cnrs.fr\/\" target=\"_blank\" rel=\"noreferrer noopener\">En 2018, l\u2019Universit\u00e9 Flottante EAGER<\/a><\/strong> a \u00e9t\u00e9 organis\u00e9e \u00e0 bord des grands navires de recherche fran\u00e7ais (Marion Dufresne et Pourquoi Pas?) suite \u00e0 un appel national de la Flotte Oc\u00e9anographique Fran\u00e7aise. Les \u00e9tudiants ont particip\u00e9 \u00e0 une campagne \u00e0 la mer et \u00e9taient directement impliqu\u00e9s dans les op\u00e9rations \u00e0 bord. Ils ont pu \u00e9changer avec le personnel de bord, d\u00e9couvrir leurs activit\u00e9s et ont pu s&#8217;impliquer dans la communication scientifique (entretiens quotidiens).<\/p>\n","protected":false},"excerpt":{"rendered":"","protected":false},"author":2,"featured_media":1753,"parent":10423,"menu_order":322,"comment_status":"closed","ping_status":"closed","template":"","meta":{"_acf_changed":false,"footnotes":""},"acf":[],"yoast_head":"<!-- This site is optimized with the Yoast SEO plugin v21.9 - https:\/\/yoast.com\/wordpress\/plugins\/seo\/ -->\n<title>Universit\u00e9s Flottantes - Ecole Universitaire de Recherche en sciences &amp; technologies marines<\/title>\n<meta name=\"robots\" content=\"index, follow, max-snippet:-1, max-image-preview:large, max-video-preview:-1\" \/>\n<link rel=\"canonical\" href=\"https:\/\/isblue.fr\/en\/training-with-isblue\/campagnes-en-mer\/\" \/>\n<meta property=\"og:locale\" content=\"en_US\" \/>\n<meta property=\"og:type\" content=\"article\" \/>\n<meta property=\"og:title\" content=\"Universit\u00e9s Flottantes - Ecole Universitaire de Recherche en sciences &amp; technologies marines\" \/>\n<meta property=\"og:url\" content=\"https:\/\/isblue.fr\/en\/training-with-isblue\/campagnes-en-mer\/\" \/>\n<meta property=\"og:site_name\" content=\"Ecole Universitaire de Recherche en sciences &amp; technologies marines\" \/>\n<meta property=\"article:modified_time\" content=\"2025-10-17T10:12:32+00:00\" \/>\n<meta property=\"og:image\" content=\"https:\/\/isblue.fr\/wp-content\/uploads\/2021\/03\/training2.jpg\" \/>\n\t<meta property=\"og:image:width\" content=\"547\" \/>\n\t<meta property=\"og:image:height\" content=\"308\" \/>\n\t<meta property=\"og:image:type\" content=\"image\/jpeg\" \/>\n<meta name=\"twitter:card\" content=\"summary_large_image\" \/>\n<meta name=\"twitter:label1\" content=\"Est. reading time\" \/>\n\t<meta name=\"twitter:data1\" content=\"1 minute\" \/>\n<script type=\"application\/ld+json\" class=\"yoast-schema-graph\">{\"@context\":\"https:\/\/schema.org\",\"@graph\":[{\"@type\":\"WebPage\",\"@id\":\"https:\/\/isblue.fr\/en\/training-with-isblue\/campagnes-en-mer\/\",\"url\":\"https:\/\/isblue.fr\/en\/training-with-isblue\/campagnes-en-mer\/\",\"name\":\"Universit\u00e9s Flottantes - Ecole Universitaire de Recherche en sciences &amp; technologies marines\",\"isPartOf\":{\"@id\":\"https:\/\/isblue.fr\/en\/#website\"},\"datePublished\":\"2021-03-23T15:57:22+00:00\",\"dateModified\":\"2025-10-17T10:12:32+00:00\",\"breadcrumb\":{\"@id\":\"https:\/\/isblue.fr\/en\/training-with-isblue\/campagnes-en-mer\/#breadcrumb\"},\"inLanguage\":\"en-US\",\"potentialAction\":[{\"@type\":\"ReadAction\",\"target\":[\"https:\/\/isblue.fr\/en\/training-with-isblue\/campagnes-en-mer\/\"]}]},{\"@type\":\"BreadcrumbList\",\"@id\":\"https:\/\/isblue.fr\/en\/training-with-isblue\/campagnes-en-mer\/#breadcrumb\",\"itemListElement\":[{\"@type\":\"ListItem\",\"position\":1,\"name\":\"Home\",\"item\":\"https:\/\/isblue.fr\/en\/\"},{\"@type\":\"ListItem\",\"position\":2,\"name\":\"Training with ISblue\",\"item\":\"https:\/\/isblue.fr\/en\/training-with-isblue\/\"},{\"@type\":\"ListItem\",\"position\":3,\"name\":\"Universit\u00e9s Flottantes\"}]},{\"@type\":\"WebSite\",\"@id\":\"https:\/\/isblue.fr\/en\/#website\",\"url\":\"https:\/\/isblue.fr\/en\/\",\"name\":\"Ecole Universitaire de Recherche en sciences &amp; technologies marines\",\"description\":\"Ecole Universitaire de Recherche en sciences &amp; technologies marines\",\"publisher\":{\"@id\":\"https:\/\/isblue.fr\/en\/#organization\"},\"potentialAction\":[{\"@type\":\"SearchAction\",\"target\":{\"@type\":\"EntryPoint\",\"urlTemplate\":\"https:\/\/isblue.fr\/en\/?s={search_term_string}\"},\"query-input\":\"required name=search_term_string\"}],\"inLanguage\":\"en-US\"},{\"@type\":\"Organization\",\"@id\":\"https:\/\/isblue.fr\/en\/#organization\",\"name\":\"ISblue\",\"url\":\"https:\/\/isblue.fr\/en\/\",\"logo\":{\"@type\":\"ImageObject\",\"inLanguage\":\"en-US\",\"@id\":\"https:\/\/isblue.fr\/en\/#\/schema\/logo\/image\/\",\"url\":\"https:\/\/www.isblue.fr\/wp-content\/uploads\/2020\/11\/logo.png\",\"contentUrl\":\"https:\/\/www.isblue.fr\/wp-content\/uploads\/2020\/11\/logo.png\",\"width\":367,\"height\":49,\"caption\":\"ISblue\"},\"image\":{\"@id\":\"https:\/\/isblue.fr\/en\/#\/schema\/logo\/image\/\"}}]}<\/script>\n<!-- \/ Yoast SEO plugin. -->","yoast_head_json":{"title":"Universit\u00e9s Flottantes - Ecole Universitaire de Recherche en sciences &amp; technologies marines","robots":{"index":"index","follow":"follow","max-snippet":"max-snippet:-1","max-image-preview":"max-image-preview:large","max-video-preview":"max-video-preview:-1"},"canonical":"https:\/\/isblue.fr\/en\/training-with-isblue\/campagnes-en-mer\/","og_locale":"en_US","og_type":"article","og_title":"Universit\u00e9s Flottantes - Ecole Universitaire de Recherche en sciences &amp; technologies marines","og_url":"https:\/\/isblue.fr\/en\/training-with-isblue\/campagnes-en-mer\/","og_site_name":"Ecole Universitaire de Recherche en sciences &amp; technologies marines","article_modified_time":"2025-10-17T10:12:32+00:00","og_image":[{"width":547,"height":308,"url":"https:\/\/isblue.fr\/wp-content\/uploads\/2021\/03\/training2.jpg","type":"image\/jpeg"}],"twitter_card":"summary_large_image","twitter_misc":{"Est. reading time":"1 minute"},"schema":{"@context":"https:\/\/schema.org","@graph":[{"@type":"WebPage","@id":"https:\/\/isblue.fr\/en\/training-with-isblue\/campagnes-en-mer\/","url":"https:\/\/isblue.fr\/en\/training-with-isblue\/campagnes-en-mer\/","name":"Universit\u00e9s Flottantes - Ecole Universitaire de Recherche en sciences &amp; technologies marines","isPartOf":{"@id":"https:\/\/isblue.fr\/en\/#website"},"datePublished":"2021-03-23T15:57:22+00:00","dateModified":"2025-10-17T10:12:32+00:00","breadcrumb":{"@id":"https:\/\/isblue.fr\/en\/training-with-isblue\/campagnes-en-mer\/#breadcrumb"},"inLanguage":"en-US","potentialAction":[{"@type":"ReadAction","target":["https:\/\/isblue.fr\/en\/training-with-isblue\/campagnes-en-mer\/"]}]},{"@type":"BreadcrumbList","@id":"https:\/\/isblue.fr\/en\/training-with-isblue\/campagnes-en-mer\/#breadcrumb","itemListElement":[{"@type":"ListItem","position":1,"name":"Home","item":"https:\/\/isblue.fr\/en\/"},{"@type":"ListItem","position":2,"name":"Training with ISblue","item":"https:\/\/isblue.fr\/en\/training-with-isblue\/"},{"@type":"ListItem","position":3,"name":"Universit\u00e9s Flottantes"}]},{"@type":"WebSite","@id":"https:\/\/isblue.fr\/en\/#website","url":"https:\/\/isblue.fr\/en\/","name":"Ecole Universitaire de Recherche en sciences &amp; technologies marines","description":"Ecole Universitaire de Recherche en sciences &amp; technologies marines","publisher":{"@id":"https:\/\/isblue.fr\/en\/#organization"},"potentialAction":[{"@type":"SearchAction","target":{"@type":"EntryPoint","urlTemplate":"https:\/\/isblue.fr\/en\/?s={search_term_string}"},"query-input":"required name=search_term_string"}],"inLanguage":"en-US"},{"@type":"Organization","@id":"https:\/\/isblue.fr\/en\/#organization","name":"ISblue","url":"https:\/\/isblue.fr\/en\/","logo":{"@type":"ImageObject","inLanguage":"en-US","@id":"https:\/\/isblue.fr\/en\/#\/schema\/logo\/image\/","url":"https:\/\/www.isblue.fr\/wp-content\/uploads\/2020\/11\/logo.png","contentUrl":"https:\/\/www.isblue.fr\/wp-content\/uploads\/2020\/11\/logo.png","width":367,"height":49,"caption":"ISblue"},"image":{"@id":"https:\/\/isblue.fr\/en\/#\/schema\/logo\/image\/"}}]}},"_links":{"self":[{"href":"https:\/\/isblue.fr\/en\/wp-json\/wp\/v2\/pages\/6908"}],"collection":[{"href":"https:\/\/isblue.fr\/en\/wp-json\/wp\/v2\/pages"}],"about":[{"href":"https:\/\/isblue.fr\/en\/wp-json\/wp\/v2\/types\/page"}],"author":[{"embeddable":true,"href":"https:\/\/isblue.fr\/en\/wp-json\/wp\/v2\/users\/2"}],"replies":[{"embeddable":true,"href":"https:\/\/isblue.fr\/en\/wp-json\/wp\/v2\/comments?post=6908"}],"version-history":[{"count":12,"href":"https:\/\/isblue.fr\/en\/wp-json\/wp\/v2\/pages\/6908\/revisions"}],"predecessor-version":[{"id":31097,"href":"https:\/\/isblue.fr\/en\/wp-json\/wp\/v2\/pages\/6908\/revisions\/31097"}],"up":[{"embeddable":true,"href":"https:\/\/isblue.fr\/en\/wp-json\/wp\/v2\/pages\/10423"}],"wp:featuredmedia":[{"embeddable":true,"href":"https:\/\/isblue.fr\/en\/wp-json\/wp\/v2\/media\/1753"}],"wp:attachment":[{"href":"https:\/\/isblue.fr\/en\/wp-json\/wp\/v2\/media?parent=6908"}],"curies":[{"name":"wp","href":"https:\/\/api.w.org\/{rel}","templated":true}]}}