{"id":818,"date":"2020-12-08T10:25:55","date_gmt":"2020-12-08T09:25:55","guid":{"rendered":"https:\/\/www.isblue.fr\/?page_id=818"},"modified":"2024-03-26T11:56:23","modified_gmt":"2024-03-26T10:56:23","slug":"isblue-hub","status":"publish","type":"page","link":"https:\/\/isblue.fr\/en\/isblue-hub\/","title":{"rendered":"ISblue Hub"},"content":{"rendered":"\n<h2 class=\"wp-block-heading\">Our vision<\/h2>\n\n\n\n<p>50% of the oxygen we breathe comes from the ocean, a central player in climate regulation. Essential to our future on Earth, the ocean and the maritime world are more than ever at the heart of our planetary challenges, a source of lasting value and opportunities for innovation. In this context, our ambition is to prepare the new wave of innovators and leaders committed to a blue, sustainable and inclusive economic growth.<\/p>\n\n\n\n  <p class=\"wrap_zip_block-btn\">\n     <a class=\"zip_block-btn btn1\" href=\"https:\/\/isblue.fr\/en\/tous-les-appels\/hub-innovative-micro-projects-masters-call\/\" target=\"\">Permanent call for projects<\/a>\n  <\/p>\n  \n\n\n<h2 class=\"wp-block-heading\">A partnership of excellence unique in France<\/h2>\n\n\n\n<p>Based on a prestigious partnership between 3 national research organisations (CNRS, Ifremer, IRD), 2 universities (UBO, UBS) and 4 engineering schools (IMT-Atlantique, ENSTA Bretagne, ENIB, the Naval Academy), ISblue is, at the national level, the only graduate school dedicated to marine sciences and technologies selected and financed within the framework of the French government&#8217;s programme &#8220;Investments for the future&#8221; and constitutes a major asset for the competitiveness of France, the second largest maritime power in the world.<\/p>\n\n\n\n<p>With a truly international influence, we take interdisciplinarity to an unprecedented level to push back the frontiers of science and technology in the service of ocean innovation.<\/p>\n\n\n\n<h2 class=\"wp-block-heading\">Our mission<\/h2>\n\n\n\n<ol>\n<li>Commit to the success of all, by combining socio-economic partners with academic excellence and research.<\/li>\n<\/ol>\n\n\n\n<p>We promote high-level training within companies and strengthen the employability of ISblue talents through \u201clearning by doing\u201d project-based learning (Master and Doctorate level). We combine the exceptional know-how and academic excellence of our founding members through our 15 research teams (390 Researchers and Professors, 5 international laboratories, 360 Masters students and more than 200 PhD students).<\/p>\n\n\n\n<ol start=\"2\">\n<li>Propose a place of reference favourable to collaboration and the emergence of innovative projects for a sustainable Ocean.<\/li>\n<\/ol>\n\n\n\n<p>In a world of transitions (ecological, energy, digital and societal), the Hub brings together the actors of change in order to initiate responses to the growing needs of a blue, sustainable and inclusive economy. A true connector of talents and catalyst for innovation, we mobilise collective intelligence to explore the possibilities and meet the challenges of oceanic innovation.<\/p>\n\n\n\n<h2 class=\"wp-block-heading\">Projects funded in 2023:<\/h2>\n\n\n\n<p>For more information, see pages 32-35 of the ISblue 2018-2023 Report.<\/p>\n\n\n\n  <p class=\"wrap_zip_block-btn\">\n     <a class=\"zip_block-btn btn1\" href=\"https:\/\/isblue.fr\/wp-content\/uploads\/2023\/11\/Rapport-MP-ISBLUE-GB.pdf\" target=\"\">Click here to download the report<\/a>\n  <\/p>\n  \n\n\n<h2 class=\"wp-block-heading\">Contact: <a href=\"mailto:hub@isblue.fr\">ISblueHUB<\/a><\/h2>\n\n\n\n<figure class=\"wp-block-image size-full\"><img decoding=\"async\" width=\"1101\" height=\"658\" src=\"https:\/\/isblue.fr\/wp-content\/uploads\/2021\/06\/HUB.jpg\" alt=\"\" class=\"wp-image-2946\" srcset=\"https:\/\/isblue.fr\/wp-content\/uploads\/2021\/06\/HUB.jpg 1101w, https:\/\/isblue.fr\/wp-content\/uploads\/2021\/06\/HUB-800x478.jpg 800w, https:\/\/isblue.fr\/wp-content\/uploads\/2021\/06\/HUB-768x459.jpg 768w, https:\/\/isblue.fr\/wp-content\/uploads\/2021\/06\/HUB-300x179.jpg 300w\" sizes=\"(max-width: 1101px) 100vw, 1101px\" \/><\/figure>\n\n\n\n<p><\/p>\n","protected":false},"excerpt":{"rendered":"","protected":false},"author":2,"featured_media":3221,"parent":0,"menu_order":315,"comment_status":"closed","ping_status":"closed","template":"","meta":{"_acf_changed":false,"footnotes":""},"acf":[],"yoast_head":"<!-- This site is optimized with the Yoast SEO plugin v21.9 - https:\/\/yoast.com\/wordpress\/plugins\/seo\/ -->\n<title>ISblue Hub - Ecole Universitaire de Recherche en sciences &amp; technologies marines<\/title>\n<meta name=\"description\" content=\"Dot\u00e9s d\u2019un v\u00e9ritable rayonnement international, nous portons l\u2019interdisciplinarit\u00e9 \u00e0 un niveau sans pr\u00e9c\u00e9dent pour repousser les fronti\u00e8res des sciences et technologies au service de l\u2019innovation oc\u00e9anique.\" \/>\n<meta name=\"robots\" content=\"index, follow, max-snippet:-1, max-image-preview:large, max-video-preview:-1\" \/>\n<link rel=\"canonical\" href=\"https:\/\/isblue.fr\/en\/isblue-hub\/\" \/>\n<meta property=\"og:locale\" content=\"en_US\" \/>\n<meta property=\"og:type\" content=\"article\" \/>\n<meta property=\"og:title\" content=\"ISblue Hub - Ecole Universitaire de Recherche en sciences &amp; technologies marines\" \/>\n<meta property=\"og:description\" content=\"Dot\u00e9s d\u2019un v\u00e9ritable rayonnement international, nous portons l\u2019interdisciplinarit\u00e9 \u00e0 un niveau sans pr\u00e9c\u00e9dent pour repousser les fronti\u00e8res des sciences et technologies au service de l\u2019innovation oc\u00e9anique.\" \/>\n<meta property=\"og:url\" content=\"https:\/\/isblue.fr\/en\/isblue-hub\/\" \/>\n<meta property=\"og:site_name\" content=\"Ecole Universitaire de Recherche en sciences &amp; technologies marines\" \/>\n<meta property=\"article:modified_time\" content=\"2024-03-26T10:56:23+00:00\" \/>\n<meta property=\"og:image\" content=\"https:\/\/isblue.fr\/wp-content\/uploads\/2021\/07\/HUB-poster.jpg\" \/>\n\t<meta property=\"og:image:width\" content=\"1017\" \/>\n\t<meta property=\"og:image:height\" content=\"1272\" \/>\n\t<meta property=\"og:image:type\" content=\"image\/jpeg\" \/>\n<meta name=\"twitter:card\" content=\"summary_large_image\" \/>\n<meta name=\"twitter:label1\" content=\"Est. reading time\" \/>\n\t<meta name=\"twitter:data1\" content=\"3 minutes\" \/>\n<script type=\"application\/ld+json\" class=\"yoast-schema-graph\">{\"@context\":\"https:\/\/schema.org\",\"@graph\":[{\"@type\":\"WebPage\",\"@id\":\"https:\/\/isblue.fr\/en\/isblue-hub\/\",\"url\":\"https:\/\/isblue.fr\/en\/isblue-hub\/\",\"name\":\"ISblue Hub - Ecole Universitaire de Recherche en sciences &amp; technologies marines\",\"isPartOf\":{\"@id\":\"https:\/\/isblue.fr\/en\/#website\"},\"datePublished\":\"2020-12-08T09:25:55+00:00\",\"dateModified\":\"2024-03-26T10:56:23+00:00\",\"description\":\"Dot\u00e9s d\u2019un v\u00e9ritable rayonnement international, nous portons l\u2019interdisciplinarit\u00e9 \u00e0 un niveau sans pr\u00e9c\u00e9dent pour repousser les fronti\u00e8res des sciences et technologies au service de l\u2019innovation oc\u00e9anique.\",\"breadcrumb\":{\"@id\":\"https:\/\/isblue.fr\/en\/isblue-hub\/#breadcrumb\"},\"inLanguage\":\"en-US\",\"potentialAction\":[{\"@type\":\"ReadAction\",\"target\":[\"https:\/\/isblue.fr\/en\/isblue-hub\/\"]}]},{\"@type\":\"BreadcrumbList\",\"@id\":\"https:\/\/isblue.fr\/en\/isblue-hub\/#breadcrumb\",\"itemListElement\":[{\"@type\":\"ListItem\",\"position\":1,\"name\":\"Home\",\"item\":\"https:\/\/isblue.fr\/en\/\"},{\"@type\":\"ListItem\",\"position\":2,\"name\":\"ISblue Hub\"}]},{\"@type\":\"WebSite\",\"@id\":\"https:\/\/isblue.fr\/en\/#website\",\"url\":\"https:\/\/isblue.fr\/en\/\",\"name\":\"Ecole Universitaire de Recherche en sciences &amp; technologies marines\",\"description\":\"Ecole Universitaire de Recherche en sciences &amp; technologies marines\",\"publisher\":{\"@id\":\"https:\/\/isblue.fr\/en\/#organization\"},\"potentialAction\":[{\"@type\":\"SearchAction\",\"target\":{\"@type\":\"EntryPoint\",\"urlTemplate\":\"https:\/\/isblue.fr\/en\/?s={search_term_string}\"},\"query-input\":\"required name=search_term_string\"}],\"inLanguage\":\"en-US\"},{\"@type\":\"Organization\",\"@id\":\"https:\/\/isblue.fr\/en\/#organization\",\"name\":\"ISblue\",\"url\":\"https:\/\/isblue.fr\/en\/\",\"logo\":{\"@type\":\"ImageObject\",\"inLanguage\":\"en-US\",\"@id\":\"https:\/\/isblue.fr\/en\/#\/schema\/logo\/image\/\",\"url\":\"https:\/\/www.isblue.fr\/wp-content\/uploads\/2020\/11\/logo.png\",\"contentUrl\":\"https:\/\/www.isblue.fr\/wp-content\/uploads\/2020\/11\/logo.png\",\"width\":367,\"height\":49,\"caption\":\"ISblue\"},\"image\":{\"@id\":\"https:\/\/isblue.fr\/en\/#\/schema\/logo\/image\/\"}}]}<\/script>\n<!-- \/ Yoast SEO plugin. -->","yoast_head_json":{"title":"ISblue Hub - Ecole Universitaire de Recherche en sciences &amp; technologies marines","description":"Dot\u00e9s d\u2019un v\u00e9ritable rayonnement international, nous portons l\u2019interdisciplinarit\u00e9 \u00e0 un niveau sans pr\u00e9c\u00e9dent pour repousser les fronti\u00e8res des sciences et technologies au service de l\u2019innovation oc\u00e9anique.","robots":{"index":"index","follow":"follow","max-snippet":"max-snippet:-1","max-image-preview":"max-image-preview:large","max-video-preview":"max-video-preview:-1"},"canonical":"https:\/\/isblue.fr\/en\/isblue-hub\/","og_locale":"en_US","og_type":"article","og_title":"ISblue Hub - Ecole Universitaire de Recherche en sciences &amp; technologies marines","og_description":"Dot\u00e9s d\u2019un v\u00e9ritable rayonnement international, nous portons l\u2019interdisciplinarit\u00e9 \u00e0 un niveau sans pr\u00e9c\u00e9dent pour repousser les fronti\u00e8res des sciences et technologies au service de l\u2019innovation oc\u00e9anique.","og_url":"https:\/\/isblue.fr\/en\/isblue-hub\/","og_site_name":"Ecole Universitaire de Recherche en sciences &amp; technologies marines","article_modified_time":"2024-03-26T10:56:23+00:00","og_image":[{"width":1017,"height":1272,"url":"https:\/\/isblue.fr\/wp-content\/uploads\/2021\/07\/HUB-poster.jpg","type":"image\/jpeg"}],"twitter_card":"summary_large_image","twitter_misc":{"Est. reading time":"3 minutes"},"schema":{"@context":"https:\/\/schema.org","@graph":[{"@type":"WebPage","@id":"https:\/\/isblue.fr\/en\/isblue-hub\/","url":"https:\/\/isblue.fr\/en\/isblue-hub\/","name":"ISblue Hub - Ecole Universitaire de Recherche en sciences &amp; technologies marines","isPartOf":{"@id":"https:\/\/isblue.fr\/en\/#website"},"datePublished":"2020-12-08T09:25:55+00:00","dateModified":"2024-03-26T10:56:23+00:00","description":"Dot\u00e9s d\u2019un v\u00e9ritable rayonnement international, nous portons l\u2019interdisciplinarit\u00e9 \u00e0 un niveau sans pr\u00e9c\u00e9dent pour repousser les fronti\u00e8res des sciences et technologies au service de l\u2019innovation oc\u00e9anique.","breadcrumb":{"@id":"https:\/\/isblue.fr\/en\/isblue-hub\/#breadcrumb"},"inLanguage":"en-US","potentialAction":[{"@type":"ReadAction","target":["https:\/\/isblue.fr\/en\/isblue-hub\/"]}]},{"@type":"BreadcrumbList","@id":"https:\/\/isblue.fr\/en\/isblue-hub\/#breadcrumb","itemListElement":[{"@type":"ListItem","position":1,"name":"Home","item":"https:\/\/isblue.fr\/en\/"},{"@type":"ListItem","position":2,"name":"ISblue Hub"}]},{"@type":"WebSite","@id":"https:\/\/isblue.fr\/en\/#website","url":"https:\/\/isblue.fr\/en\/","name":"Ecole Universitaire de Recherche en sciences &amp; technologies marines","description":"Ecole Universitaire de Recherche en sciences &amp; technologies marines","publisher":{"@id":"https:\/\/isblue.fr\/en\/#organization"},"potentialAction":[{"@type":"SearchAction","target":{"@type":"EntryPoint","urlTemplate":"https:\/\/isblue.fr\/en\/?s={search_term_string}"},"query-input":"required name=search_term_string"}],"inLanguage":"en-US"},{"@type":"Organization","@id":"https:\/\/isblue.fr\/en\/#organization","name":"ISblue","url":"https:\/\/isblue.fr\/en\/","logo":{"@type":"ImageObject","inLanguage":"en-US","@id":"https:\/\/isblue.fr\/en\/#\/schema\/logo\/image\/","url":"https:\/\/www.isblue.fr\/wp-content\/uploads\/2020\/11\/logo.png","contentUrl":"https:\/\/www.isblue.fr\/wp-content\/uploads\/2020\/11\/logo.png","width":367,"height":49,"caption":"ISblue"},"image":{"@id":"https:\/\/isblue.fr\/en\/#\/schema\/logo\/image\/"}}]}},"_links":{"self":[{"href":"https:\/\/isblue.fr\/en\/wp-json\/wp\/v2\/pages\/818"}],"collection":[{"href":"https:\/\/isblue.fr\/en\/wp-json\/wp\/v2\/pages"}],"about":[{"href":"https:\/\/isblue.fr\/en\/wp-json\/wp\/v2\/types\/page"}],"author":[{"embeddable":true,"href":"https:\/\/isblue.fr\/en\/wp-json\/wp\/v2\/users\/2"}],"replies":[{"embeddable":true,"href":"https:\/\/isblue.fr\/en\/wp-json\/wp\/v2\/comments?post=818"}],"version-history":[{"count":6,"href":"https:\/\/isblue.fr\/en\/wp-json\/wp\/v2\/pages\/818\/revisions"}],"predecessor-version":[{"id":19961,"href":"https:\/\/isblue.fr\/en\/wp-json\/wp\/v2\/pages\/818\/revisions\/19961"}],"wp:featuredmedia":[{"embeddable":true,"href":"https:\/\/isblue.fr\/en\/wp-json\/wp\/v2\/media\/3221"}],"wp:attachment":[{"href":"https:\/\/isblue.fr\/en\/wp-json\/wp\/v2\/media?parent=818"}],"curies":[{"name":"wp","href":"https:\/\/api.w.org\/{rel}","templated":true}]}}