{"id":8844,"date":"2022-05-14T14:55:51","date_gmt":"2022-05-14T12:55:51","guid":{"rendered":"https:\/\/www.isblue.fr\/?page_id=8844"},"modified":"2022-05-27T09:22:02","modified_gmt":"2022-05-27T07:22:02","slug":"instruments-resume","status":"publish","type":"page","link":"https:\/\/isblue.fr\/en\/oceanographic-cruise-resilience-2022\/la-science-a-bord\/instruments-resume\/","title":{"rendered":"Instruments&#8217; resumes"},"content":{"rendered":"\n<p>The scientific instruments deployed during the RESILIENCE cruise present themselves to you: professional overview, training, skills and interests are detailed in the form of a <em>Curriculum Vitae<\/em>!<\/p>\n\n\n\n<hr class=\"wp-block-separator\"\/>\n\n\n\n<ul>\n<li>Mesopelagic Trawl<\/li>\n<li>Moving Vessel Profiler<\/li>\n<li>Acoustic Zooplankton Fish Profiler (AZFP)<\/li>\n<li>Potentiometric dosing with closed cell<\/li>\n<li>Rosette<\/li>\n<li>Wirewalker<\/li>\n<li>GeoFISH<\/li>\n<li>Meso-zooplankton multinet<\/li>\n<li>BOMBYX mooring<\/li>\n<li>Plankton net<\/li>\n<\/ul>\n\n\n\n<h2 class=\"wp-block-heading\">Mesopelagic Trawl<\/h2>\n\n\n\n<p>Salom\u00e9 Pell\u00e9 and Eug\u00e9nie Dufour<\/p>\n\n\n\n<div data-wp-interactive=\"core\/file\" class=\"wp-block-file\"><object data-wp-bind--hidden=\"!state.hasPdfPreview\"  class=\"wp-block-file__embed\" data=\"https:\/\/www.isblue.fr\/wp-content\/uploads\/2022\/05\/Trawl-CV-Final-version.pdf\" type=\"application\/pdf\" style=\"width:100%;height:600px\" aria-label=\"Embed of Contenu embarqu\u00e9 CV mesopelagic trawl - Floating University 2022..\"><\/object><a id=\"wp-block-file--media-c28ba205-7dd1-4b99-a50e-2bef210e5bd5\" href=\"https:\/\/www.isblue.fr\/wp-content\/uploads\/2022\/05\/Trawl-CV-Final-version.pdf\">CV mesopelagic trawl &#8211; Floating University 2022<\/a><a href=\"https:\/\/www.isblue.fr\/wp-content\/uploads\/2022\/05\/Trawl-CV-Final-version.pdf\" class=\"wp-block-file__button\" download aria-describedby=\"wp-block-file--media-c28ba205-7dd1-4b99-a50e-2bef210e5bd5\">T\u00e9l\u00e9charger<\/a><\/div>\n\n\n\n<hr class=\"wp-block-separator\"\/>\n\n\n\n<div style=\"height:100px\" aria-hidden=\"true\" class=\"wp-block-spacer\"><\/div>\n\n\n\n<h2 class=\"wp-block-heading\">Moving Vessel Profiler<\/h2>\n\n\n\n<p>Ang\u00e8le Nicolas and Jonas Fr\u00e8re<\/p>\n\n\n\n<div data-wp-interactive=\"core\/file\" class=\"wp-block-file\"><object data-wp-bind--hidden=\"!state.hasPdfPreview\"  class=\"wp-block-file__embed\" data=\"https:\/\/www.isblue.fr\/wp-content\/uploads\/2022\/05\/CV-MVP-FLoating-University.pdf\" type=\"application\/pdf\" style=\"width:100%;height:600px\" aria-label=\"Embed of Contenu embarqu\u00e9 CV-MVP-FLoating-University..\"><\/object><a id=\"wp-block-file--media-8ffb0f60-a153-4e0a-964f-a0556e9f2a81\" href=\"https:\/\/www.isblue.fr\/wp-content\/uploads\/2022\/05\/CV-MVP-FLoating-University.pdf\">CV-MVP-FLoating-University<\/a><a href=\"https:\/\/www.isblue.fr\/wp-content\/uploads\/2022\/05\/CV-MVP-FLoating-University.pdf\" class=\"wp-block-file__button\" download aria-describedby=\"wp-block-file--media-8ffb0f60-a153-4e0a-964f-a0556e9f2a81\">T\u00e9l\u00e9charger<\/a><\/div>\n\n\n\n<hr class=\"wp-block-separator\"\/>\n\n\n\n<div style=\"height:100px\" aria-hidden=\"true\" class=\"wp-block-spacer\"><\/div>\n\n\n\n<h2 class=\"wp-block-heading\">Acoustic Zooplankton Fish Profiler (AZFP)<\/h2>\n\n\n\n<p>Ang\u00e8le Nicolas<\/p>\n\n\n\n<div data-wp-interactive=\"core\/file\" class=\"wp-block-file\"><object data-wp-bind--hidden=\"!state.hasPdfPreview\"  class=\"wp-block-file__embed\" data=\"https:\/\/www.isblue.fr\/wp-content\/uploads\/2022\/05\/cv-AZFP-final.pdf\" type=\"application\/pdf\" style=\"width:100%;height:600px\" aria-label=\"Embed of Contenu embarqu\u00e9 CV AZFP - Floating University 2022..\"><\/object><a id=\"wp-block-file--media-cc84ced3-6276-4949-966e-c14857b38337\" href=\"https:\/\/www.isblue.fr\/wp-content\/uploads\/2022\/05\/cv-AZFP-final.pdf\">CV AZFP &#8211; Floating University 2022<\/a><a href=\"https:\/\/www.isblue.fr\/wp-content\/uploads\/2022\/05\/cv-AZFP-final.pdf\" class=\"wp-block-file__button\" download aria-describedby=\"wp-block-file--media-cc84ced3-6276-4949-966e-c14857b38337\">T\u00e9l\u00e9charger<\/a><\/div>\n\n\n\n<hr class=\"wp-block-separator\"\/>\n\n\n\n<div style=\"height:100px\" aria-hidden=\"true\" class=\"wp-block-spacer\"><\/div>\n\n\n\n<h2 class=\"wp-block-heading\">Potentiometric dosing with closed cell<\/h2>\n\n\n\n<p>Bleuenn Prijac<\/p>\n\n\n\n<div data-wp-interactive=\"core\/file\" class=\"wp-block-file\"><object data-wp-bind--hidden=\"!state.hasPdfPreview\"  class=\"wp-block-file__embed\" data=\"https:\/\/www.isblue.fr\/wp-content\/uploads\/2022\/05\/CV-Potentiometric-dosing-Floating-University-2022.pdf\" type=\"application\/pdf\" style=\"width:100%;height:600px\" aria-label=\"Embed of Contenu embarqu\u00e9 CV-Potentiometric-dosing-Floating-University-2022..\"><\/object><a id=\"wp-block-file--media-901cd650-e443-4e77-9fef-471d1c1d4fe9\" href=\"https:\/\/www.isblue.fr\/wp-content\/uploads\/2022\/05\/CV-Potentiometric-dosing-Floating-University-2022.pdf\">CV-Potentiometric-dosing-Floating-University-2022<\/a><a href=\"https:\/\/www.isblue.fr\/wp-content\/uploads\/2022\/05\/CV-Potentiometric-dosing-Floating-University-2022.pdf\" class=\"wp-block-file__button\" download aria-describedby=\"wp-block-file--media-901cd650-e443-4e77-9fef-471d1c1d4fe9\">T\u00e9l\u00e9charger<\/a><\/div>\n\n\n\n<hr class=\"wp-block-separator\"\/>\n\n\n\n<div style=\"height:100px\" aria-hidden=\"true\" class=\"wp-block-spacer\"><\/div>\n\n\n\n<h2 class=\"wp-block-heading\">Rosette<\/h2>\n\n\n\n<p>Manon Gibaud and Eug\u00e9nie Dufour<\/p>\n\n\n\n<div data-wp-interactive=\"core\/file\" class=\"wp-block-file\"><object data-wp-bind--hidden=\"!state.hasPdfPreview\"  class=\"wp-block-file__embed\" data=\"https:\/\/www.isblue.fr\/wp-content\/uploads\/2022\/05\/CV-Rosette-Floating-University-2022.pdf\" type=\"application\/pdf\" style=\"width:100%;height:600px\" aria-label=\"Embed of Contenu embarqu\u00e9 CV-Rosette-Floating-University-2022..\"><\/object><a id=\"wp-block-file--media-025fae4c-e532-40a5-904a-f7f701dabb3e\" href=\"https:\/\/www.isblue.fr\/wp-content\/uploads\/2022\/05\/CV-Rosette-Floating-University-2022.pdf\">CV-Rosette-Floating-University-2022<\/a><a href=\"https:\/\/www.isblue.fr\/wp-content\/uploads\/2022\/05\/CV-Rosette-Floating-University-2022.pdf\" class=\"wp-block-file__button\" download aria-describedby=\"wp-block-file--media-025fae4c-e532-40a5-904a-f7f701dabb3e\">T\u00e9l\u00e9charger<\/a><\/div>\n\n\n\n<hr class=\"wp-block-separator\"\/>\n\n\n\n<div style=\"height:100px\" aria-hidden=\"true\" class=\"wp-block-spacer\"><\/div>\n\n\n\n<h2 class=\"wp-block-heading\">Wirewalker<\/h2>\n\n\n\n<p>Ang\u00e8le Nicolas and Jonas Fr\u00e8re<\/p>\n\n\n\n<div data-wp-interactive=\"core\/file\" class=\"wp-block-file\"><object data-wp-bind--hidden=\"!state.hasPdfPreview\"  class=\"wp-block-file__embed\" data=\"https:\/\/www.isblue.fr\/wp-content\/uploads\/2022\/05\/CV-Wirewalker-Floating-University-2022.pdf\" type=\"application\/pdf\" style=\"width:100%;height:600px\" aria-label=\"Embed of Contenu embarqu\u00e9 CV-Wirewalker-Floating-University-2022..\"><\/object><a id=\"wp-block-file--media-65bc7b2f-c828-4687-868c-ce7c2a01ae60\" href=\"https:\/\/www.isblue.fr\/wp-content\/uploads\/2022\/05\/CV-Wirewalker-Floating-University-2022.pdf\">CV-Wirewalker-Floating-University-2022<\/a><a href=\"https:\/\/www.isblue.fr\/wp-content\/uploads\/2022\/05\/CV-Wirewalker-Floating-University-2022.pdf\" class=\"wp-block-file__button\" download aria-describedby=\"wp-block-file--media-65bc7b2f-c828-4687-868c-ce7c2a01ae60\">T\u00e9l\u00e9charger<\/a><\/div>\n\n\n\n<hr class=\"wp-block-separator\"\/>\n\n\n\n<div style=\"height:100px\" aria-hidden=\"true\" class=\"wp-block-spacer\"><\/div>\n\n\n\n<div style=\"height:100px\" aria-hidden=\"true\" class=\"wp-block-spacer\"><\/div>\n\n\n\n<h2 class=\"wp-block-heading\">GeoFISH<\/h2>\n\n\n\n<p>Lea Nupnau and Eug\u00e9nie Dufour<\/p>\n\n\n\n<div data-wp-interactive=\"core\/file\" class=\"wp-block-file\"><object data-wp-bind--hidden=\"!state.hasPdfPreview\"  class=\"wp-block-file__embed\" data=\"https:\/\/www.isblue.fr\/wp-content\/uploads\/2022\/05\/CV-GeoFISH-Floating-University-2022.pdf\" type=\"application\/pdf\" style=\"width:100%;height:600px\" aria-label=\"Embed of Contenu embarqu\u00e9 CV-GeoFISH-Floating-University-2022..\"><\/object><a id=\"wp-block-file--media-8e40a39c-fe21-4bad-885e-2b16d068df52\" href=\"https:\/\/www.isblue.fr\/wp-content\/uploads\/2022\/05\/CV-GeoFISH-Floating-University-2022.pdf\">CV-GeoFISH-Floating-University-2022<\/a><a href=\"https:\/\/www.isblue.fr\/wp-content\/uploads\/2022\/05\/CV-GeoFISH-Floating-University-2022.pdf\" class=\"wp-block-file__button\" download aria-describedby=\"wp-block-file--media-8e40a39c-fe21-4bad-885e-2b16d068df52\">T\u00e9l\u00e9charger<\/a><\/div>\n\n\n\n<hr class=\"wp-block-separator\"\/>\n\n\n\n<div style=\"height:100px\" aria-hidden=\"true\" class=\"wp-block-spacer\"><\/div>\n\n\n\n<h2 class=\"wp-block-heading\">Mesozooplankton multinet<\/h2>\n\n\n\n<p>Eug\u00e9nie Dufour et Salom\u00e9 Pell\u00e9<\/p>\n\n\n\n<div data-wp-interactive=\"core\/file\" class=\"wp-block-file\"><object data-wp-bind--hidden=\"!state.hasPdfPreview\"  class=\"wp-block-file__embed\" data=\"https:\/\/www.isblue.fr\/wp-content\/uploads\/2022\/05\/CV-Multinet-Floating-University-2022.pdf\" type=\"application\/pdf\" style=\"width:100%;height:600px\" aria-label=\"Embed of Contenu embarqu\u00e9 CV-Multinet-Floating-University-2022..\"><\/object><a id=\"wp-block-file--media-83c17623-bb1b-473e-82ce-004824d33c29\" href=\"https:\/\/www.isblue.fr\/wp-content\/uploads\/2022\/05\/CV-Multinet-Floating-University-2022.pdf\">CV-Multinet-Floating-University-2022<\/a><a href=\"https:\/\/www.isblue.fr\/wp-content\/uploads\/2022\/05\/CV-Multinet-Floating-University-2022.pdf\" class=\"wp-block-file__button\" download aria-describedby=\"wp-block-file--media-83c17623-bb1b-473e-82ce-004824d33c29\">T\u00e9l\u00e9charger<\/a><\/div>\n\n\n\n<hr class=\"wp-block-separator\"\/>\n\n\n\n<div style=\"height:100px\" aria-hidden=\"true\" class=\"wp-block-spacer\"><\/div>\n\n\n\n<h2 class=\"wp-block-heading\">BOMBYX Mooring<\/h2>\n\n\n\n<p>Eug\u00e9nie Dufour and Salom\u00e9 Pell\u00e9<\/p>\n\n\n\n<div data-wp-interactive=\"core\/file\" class=\"wp-block-file\"><object data-wp-bind--hidden=\"!state.hasPdfPreview\"  class=\"wp-block-file__embed\" data=\"https:\/\/www.isblue.fr\/wp-content\/uploads\/2022\/05\/CV-BOMBYX-Floating-University-2022.pdf\" type=\"application\/pdf\" style=\"width:100%;height:600px\" aria-label=\"Embed of Contenu embarqu\u00e9 CV-BOMBYX-Floating-University-2022..\"><\/object><a id=\"wp-block-file--media-a03348e0-b32a-48c5-878e-836a9d852d21\" href=\"https:\/\/www.isblue.fr\/wp-content\/uploads\/2022\/05\/CV-BOMBYX-Floating-University-2022.pdf\">CV-BOMBYX-Floating-University-2022<\/a><a href=\"https:\/\/www.isblue.fr\/wp-content\/uploads\/2022\/05\/CV-BOMBYX-Floating-University-2022.pdf\" class=\"wp-block-file__button\" download aria-describedby=\"wp-block-file--media-a03348e0-b32a-48c5-878e-836a9d852d21\">T\u00e9l\u00e9charger<\/a><\/div>\n\n\n\n<hr class=\"wp-block-separator\"\/>\n\n\n\n<div style=\"height:100px\" aria-hidden=\"true\" class=\"wp-block-spacer\"><\/div>\n\n\n\n<h2 class=\"wp-block-heading\">Plankton net<\/h2>\n\n\n\n<p>Luis Chomienne<\/p>\n\n\n\n<div data-wp-interactive=\"core\/file\" class=\"wp-block-file\"><object data-wp-bind--hidden=\"!state.hasPdfPreview\"  class=\"wp-block-file__embed\" data=\"https:\/\/www.isblue.fr\/wp-content\/uploads\/2022\/05\/CV-Phytoplankton-net-Floating-University-2022.pdf\" type=\"application\/pdf\" style=\"width:100%;height:600px\" aria-label=\"Embed of Contenu embarqu\u00e9 CV-Phytoplankton-net-Floating-University-2022..\"><\/object><a id=\"wp-block-file--media-5762734c-2c1a-4727-ad61-4a3e7e057237\" href=\"https:\/\/www.isblue.fr\/wp-content\/uploads\/2022\/05\/CV-Phytoplankton-net-Floating-University-2022.pdf\">CV-Phytoplankton-net-Floating-University-2022<\/a><a href=\"https:\/\/www.isblue.fr\/wp-content\/uploads\/2022\/05\/CV-Phytoplankton-net-Floating-University-2022.pdf\" class=\"wp-block-file__button\" download aria-describedby=\"wp-block-file--media-5762734c-2c1a-4727-ad61-4a3e7e057237\">T\u00e9l\u00e9charger<\/a><\/div>\n\n\n\n<hr class=\"wp-block-separator\"\/>\n\n\n\n<div style=\"height:100px\" aria-hidden=\"true\" class=\"wp-block-spacer\"><\/div>\n\n\n\n<h2 class=\"wp-block-heading\">Continue browsing<\/h2>\n\n\n\n  <div class=\"wrap_acf_blocks__publications-cards\">\n\n     <div class=\"wrap_cards\">\n\n        \n                      <a class=\"wrap_card\" href=\"https:\/\/isblue.fr\/universite-flottante-campagne-resilience-2022\/la-science-a-bord\/conferences-scientifiques\/\">\n\n               <div class=\"lazy\" data-src=\"https:\/\/isblue.fr\/wp-content\/uploads\/2022\/04\/IMG_7339-800x600.jpg\"><\/div>\n\n               <div class=\"wrap_card__body\">\n\n                  <h3>Conf\u00e9rences scientifiques<\/h3>\n\n                  <span class=\"btn_all\">\n                     <i class=\"i_svg\"><?xml version=\"1.0\" encoding=\"UTF-8\" standalone=\"no\"?>\n<!DOCTYPE svg PUBLIC \"-\/\/W3C\/\/DTD SVG 1.1\/\/EN\" \"http:\/\/www.w3.org\/Graphics\/SVG\/1.1\/DTD\/svg11.dtd\">\n<svg width=\"100%\" height=\"100%\" viewBox=\"0 0 38 37\" version=\"1.1\" xmlns=\"http:\/\/www.w3.org\/2000\/svg\" xmlns:xlink=\"http:\/\/www.w3.org\/1999\/xlink\" xml:space=\"preserve\" xmlns:serif=\"http:\/\/www.serif.com\/\" style=\"fill-rule:evenodd;clip-rule:evenodd;stroke-linecap:round;stroke-linejoin:round;\">\n    <g id=\"Artboard1\" transform=\"matrix(1,0,0,1.71795,0,0)\">\n        <rect x=\"0\" y=\"0\" width=\"38\" height=\"21.254\" style=\"fill:none;\"\/>\n        <g transform=\"matrix(1.57114,0,0,0.914547,-2.36719,-8.40305)\">\n            <circle class=\"bg\" cx=\"13.6\" cy=\"20.808\" r=\"11.197\" style=\"fill:none;\"\/>\n        <\/g>\n        <g class=\"fleche\" transform=\"matrix(1,0,0,0.58209,1.75,0.586074)\">\n            <g class=\"arrow\">\n                <g>\n                    <g transform=\"matrix(1,0,0,1,18,15)\">\n                        <path d=\"M0,0L5,2.884L0,6\" style=\"fill:none;stroke:#002638;stroke-width:1.5px;\"\/>\n                    <\/g>\n                    <g transform=\"matrix(1,0,0,1,13,17.7714)\">\n                        <path d=\"M0,0.271L9,0.229\" style=\"fill:none;stroke:#002638;stroke-width:1.5px;\"\/>\n                    <\/g>\n                <\/g>\n            <\/g>\n        <\/g>\n        <g transform=\"matrix(1,0,0,0.58209,1,0.149507)\">\n            <path class=\"circle\" d=\"M18,36C27.941,36 36,27.941 36,18C36,8.059 27.941,0 18,0C8.059,0 0,8.059 0,18C0,27.941 8.059,36 18,36ZM18,34C9.163,34 2,26.837 2,18C2,9.163 9.163,2 18,2C26.837,2 34,9.163 34,18C34,26.837 26.837,34 18,34Z\" style=\"fill:#002638;\"\/>\n        <\/g>\n    <\/g>\n<\/svg>\n<\/i>\n                  <\/span>\n\n               <\/div>\n\n            <\/a>\n          \n        \n                      <a class=\"wrap_card\" href=\"https:\/\/isblue.fr\/universite-flottante-campagne-resilience-2022\/la-science-a-bord\/\">\n\n               <div class=\"lazy\" data-src=\"https:\/\/isblue.fr\/wp-content\/uploads\/2022\/04\/IMG_7422-800x600.jpg\"><\/div>\n\n               <div class=\"wrap_card__body\">\n\n                  <h3>La science \u00e0 bord<\/h3>\n\n                  <span class=\"btn_all\">\n                     <i class=\"i_svg\"><?xml version=\"1.0\" encoding=\"UTF-8\" standalone=\"no\"?>\n<!DOCTYPE svg PUBLIC \"-\/\/W3C\/\/DTD SVG 1.1\/\/EN\" \"http:\/\/www.w3.org\/Graphics\/SVG\/1.1\/DTD\/svg11.dtd\">\n<svg width=\"100%\" height=\"100%\" viewBox=\"0 0 38 37\" version=\"1.1\" xmlns=\"http:\/\/www.w3.org\/2000\/svg\" xmlns:xlink=\"http:\/\/www.w3.org\/1999\/xlink\" xml:space=\"preserve\" xmlns:serif=\"http:\/\/www.serif.com\/\" style=\"fill-rule:evenodd;clip-rule:evenodd;stroke-linecap:round;stroke-linejoin:round;\">\n    <g id=\"Artboard1\" transform=\"matrix(1,0,0,1.71795,0,0)\">\n        <rect x=\"0\" y=\"0\" width=\"38\" height=\"21.254\" style=\"fill:none;\"\/>\n        <g transform=\"matrix(1.57114,0,0,0.914547,-2.36719,-8.40305)\">\n            <circle class=\"bg\" cx=\"13.6\" cy=\"20.808\" r=\"11.197\" style=\"fill:none;\"\/>\n        <\/g>\n        <g class=\"fleche\" transform=\"matrix(1,0,0,0.58209,1.75,0.586074)\">\n            <g class=\"arrow\">\n                <g>\n                    <g transform=\"matrix(1,0,0,1,18,15)\">\n                        <path d=\"M0,0L5,2.884L0,6\" style=\"fill:none;stroke:#002638;stroke-width:1.5px;\"\/>\n                    <\/g>\n                    <g transform=\"matrix(1,0,0,1,13,17.7714)\">\n                        <path d=\"M0,0.271L9,0.229\" style=\"fill:none;stroke:#002638;stroke-width:1.5px;\"\/>\n                    <\/g>\n                <\/g>\n            <\/g>\n        <\/g>\n        <g transform=\"matrix(1,0,0,0.58209,1,0.149507)\">\n            <path class=\"circle\" d=\"M18,36C27.941,36 36,27.941 36,18C36,8.059 27.941,0 18,0C8.059,0 0,8.059 0,18C0,27.941 8.059,36 18,36ZM18,34C9.163,34 2,26.837 2,18C2,9.163 9.163,2 18,2C26.837,2 34,9.163 34,18C34,26.837 26.837,34 18,34Z\" style=\"fill:#002638;\"\/>\n        <\/g>\n    <\/g>\n<\/svg>\n<\/i>\n                  <\/span>\n\n               <\/div>\n\n            <\/a>\n          \n        \n     <\/div>\n\n  <\/div>\n  \n\n\n  <p class=\"wrap_zip_block-btn\">\n     <a class=\"zip_block-btn btn1\" href=\"https:\/\/isblue.fr\/en\/oceanographic-cruise-resilience-2022\/\" target=\"\">Retour \u00e0 la page d&#8217;accueil<\/a>\n  <\/p>\n  \n\n\n<hr class=\"wp-block-separator\"\/>\n","protected":false},"excerpt":{"rendered":"","protected":false},"author":14,"featured_media":8817,"parent":6948,"menu_order":287,"comment_status":"closed","ping_status":"closed","template":"","meta":{"_acf_changed":false,"footnotes":""},"acf":[],"yoast_head":"<!-- This site is optimized with the Yoast SEO plugin v21.9 - https:\/\/yoast.com\/wordpress\/plugins\/seo\/ -->\n<title>Instruments&#039; resumes - Ecole Universitaire de Recherche en sciences &amp; technologies marines<\/title>\n<meta name=\"robots\" content=\"index, follow, max-snippet:-1, max-image-preview:large, max-video-preview:-1\" \/>\n<link rel=\"canonical\" href=\"https:\/\/isblue.fr\/en\/oceanographic-cruise-resilience-2022\/la-science-a-bord\/instruments-resume\/\" \/>\n<meta property=\"og:locale\" content=\"en_US\" \/>\n<meta property=\"og:type\" content=\"article\" \/>\n<meta property=\"og:title\" content=\"Instruments&#039; resumes - Ecole Universitaire de Recherche en sciences &amp; technologies marines\" \/>\n<meta property=\"og:url\" content=\"https:\/\/isblue.fr\/en\/oceanographic-cruise-resilience-2022\/la-science-a-bord\/instruments-resume\/\" \/>\n<meta property=\"og:site_name\" content=\"Ecole Universitaire de Recherche en sciences &amp; technologies marines\" \/>\n<meta property=\"article:modified_time\" content=\"2022-05-27T07:22:02+00:00\" \/>\n<meta property=\"og:image\" content=\"https:\/\/isblue.fr\/wp-content\/uploads\/2022\/05\/Screenshot-from-2022-05-14-14-43-27.png\" \/>\n\t<meta property=\"og:image:width\" content=\"2384\" \/>\n\t<meta property=\"og:image:height\" content=\"2136\" \/>\n\t<meta property=\"og:image:type\" content=\"image\/png\" \/>\n<meta name=\"twitter:card\" content=\"summary_large_image\" \/>\n<meta name=\"twitter:label1\" content=\"Est. reading time\" \/>\n\t<meta name=\"twitter:data1\" content=\"1 minute\" \/>\n<script type=\"application\/ld+json\" class=\"yoast-schema-graph\">{\"@context\":\"https:\/\/schema.org\",\"@graph\":[{\"@type\":\"WebPage\",\"@id\":\"https:\/\/isblue.fr\/en\/oceanographic-cruise-resilience-2022\/la-science-a-bord\/instruments-resume\/\",\"url\":\"https:\/\/isblue.fr\/en\/oceanographic-cruise-resilience-2022\/la-science-a-bord\/instruments-resume\/\",\"name\":\"Instruments' resumes - Ecole Universitaire de Recherche en sciences &amp; technologies marines\",\"isPartOf\":{\"@id\":\"https:\/\/isblue.fr\/en\/#website\"},\"datePublished\":\"2022-05-14T12:55:51+00:00\",\"dateModified\":\"2022-05-27T07:22:02+00:00\",\"breadcrumb\":{\"@id\":\"https:\/\/isblue.fr\/en\/oceanographic-cruise-resilience-2022\/la-science-a-bord\/instruments-resume\/#breadcrumb\"},\"inLanguage\":\"en-US\",\"potentialAction\":[{\"@type\":\"ReadAction\",\"target\":[\"https:\/\/isblue.fr\/en\/oceanographic-cruise-resilience-2022\/la-science-a-bord\/instruments-resume\/\"]}]},{\"@type\":\"BreadcrumbList\",\"@id\":\"https:\/\/isblue.fr\/en\/oceanographic-cruise-resilience-2022\/la-science-a-bord\/instruments-resume\/#breadcrumb\",\"itemListElement\":[{\"@type\":\"ListItem\",\"position\":1,\"name\":\"Home\",\"item\":\"https:\/\/isblue.fr\/en\/\"},{\"@type\":\"ListItem\",\"position\":2,\"name\":\"Oceanographic cruise RESILIENCE 2022\",\"item\":\"https:\/\/isblue.fr\/en\/oceanographic-cruise-resilience-2022\/\"},{\"@type\":\"ListItem\",\"position\":3,\"name\":\"Science on board\",\"item\":\"https:\/\/isblue.fr\/en\/oceanographic-cruise-resilience-2022\/la-science-a-bord\/\"},{\"@type\":\"ListItem\",\"position\":4,\"name\":\"Instruments&#8217; resumes\"}]},{\"@type\":\"WebSite\",\"@id\":\"https:\/\/isblue.fr\/en\/#website\",\"url\":\"https:\/\/isblue.fr\/en\/\",\"name\":\"Ecole Universitaire de Recherche en sciences &amp; technologies marines\",\"description\":\"Ecole Universitaire de Recherche en sciences &amp; technologies marines\",\"publisher\":{\"@id\":\"https:\/\/isblue.fr\/en\/#organization\"},\"potentialAction\":[{\"@type\":\"SearchAction\",\"target\":{\"@type\":\"EntryPoint\",\"urlTemplate\":\"https:\/\/isblue.fr\/en\/?s={search_term_string}\"},\"query-input\":\"required name=search_term_string\"}],\"inLanguage\":\"en-US\"},{\"@type\":\"Organization\",\"@id\":\"https:\/\/isblue.fr\/en\/#organization\",\"name\":\"ISblue\",\"url\":\"https:\/\/isblue.fr\/en\/\",\"logo\":{\"@type\":\"ImageObject\",\"inLanguage\":\"en-US\",\"@id\":\"https:\/\/isblue.fr\/en\/#\/schema\/logo\/image\/\",\"url\":\"https:\/\/www.isblue.fr\/wp-content\/uploads\/2020\/11\/logo.png\",\"contentUrl\":\"https:\/\/www.isblue.fr\/wp-content\/uploads\/2020\/11\/logo.png\",\"width\":367,\"height\":49,\"caption\":\"ISblue\"},\"image\":{\"@id\":\"https:\/\/isblue.fr\/en\/#\/schema\/logo\/image\/\"}}]}<\/script>\n<!-- \/ Yoast SEO plugin. -->","yoast_head_json":{"title":"Instruments' resumes - Ecole Universitaire de Recherche en sciences &amp; technologies marines","robots":{"index":"index","follow":"follow","max-snippet":"max-snippet:-1","max-image-preview":"max-image-preview:large","max-video-preview":"max-video-preview:-1"},"canonical":"https:\/\/isblue.fr\/en\/oceanographic-cruise-resilience-2022\/la-science-a-bord\/instruments-resume\/","og_locale":"en_US","og_type":"article","og_title":"Instruments' resumes - Ecole Universitaire de Recherche en sciences &amp; technologies marines","og_url":"https:\/\/isblue.fr\/en\/oceanographic-cruise-resilience-2022\/la-science-a-bord\/instruments-resume\/","og_site_name":"Ecole Universitaire de Recherche en sciences &amp; technologies marines","article_modified_time":"2022-05-27T07:22:02+00:00","og_image":[{"width":2384,"height":2136,"url":"https:\/\/isblue.fr\/wp-content\/uploads\/2022\/05\/Screenshot-from-2022-05-14-14-43-27.png","type":"image\/png"}],"twitter_card":"summary_large_image","twitter_misc":{"Est. reading time":"1 minute"},"schema":{"@context":"https:\/\/schema.org","@graph":[{"@type":"WebPage","@id":"https:\/\/isblue.fr\/en\/oceanographic-cruise-resilience-2022\/la-science-a-bord\/instruments-resume\/","url":"https:\/\/isblue.fr\/en\/oceanographic-cruise-resilience-2022\/la-science-a-bord\/instruments-resume\/","name":"Instruments' resumes - Ecole Universitaire de Recherche en sciences &amp; technologies marines","isPartOf":{"@id":"https:\/\/isblue.fr\/en\/#website"},"datePublished":"2022-05-14T12:55:51+00:00","dateModified":"2022-05-27T07:22:02+00:00","breadcrumb":{"@id":"https:\/\/isblue.fr\/en\/oceanographic-cruise-resilience-2022\/la-science-a-bord\/instruments-resume\/#breadcrumb"},"inLanguage":"en-US","potentialAction":[{"@type":"ReadAction","target":["https:\/\/isblue.fr\/en\/oceanographic-cruise-resilience-2022\/la-science-a-bord\/instruments-resume\/"]}]},{"@type":"BreadcrumbList","@id":"https:\/\/isblue.fr\/en\/oceanographic-cruise-resilience-2022\/la-science-a-bord\/instruments-resume\/#breadcrumb","itemListElement":[{"@type":"ListItem","position":1,"name":"Home","item":"https:\/\/isblue.fr\/en\/"},{"@type":"ListItem","position":2,"name":"Oceanographic cruise RESILIENCE 2022","item":"https:\/\/isblue.fr\/en\/oceanographic-cruise-resilience-2022\/"},{"@type":"ListItem","position":3,"name":"Science on board","item":"https:\/\/isblue.fr\/en\/oceanographic-cruise-resilience-2022\/la-science-a-bord\/"},{"@type":"ListItem","position":4,"name":"Instruments&#8217; resumes"}]},{"@type":"WebSite","@id":"https:\/\/isblue.fr\/en\/#website","url":"https:\/\/isblue.fr\/en\/","name":"Ecole Universitaire de Recherche en sciences &amp; technologies marines","description":"Ecole Universitaire de Recherche en sciences &amp; technologies marines","publisher":{"@id":"https:\/\/isblue.fr\/en\/#organization"},"potentialAction":[{"@type":"SearchAction","target":{"@type":"EntryPoint","urlTemplate":"https:\/\/isblue.fr\/en\/?s={search_term_string}"},"query-input":"required name=search_term_string"}],"inLanguage":"en-US"},{"@type":"Organization","@id":"https:\/\/isblue.fr\/en\/#organization","name":"ISblue","url":"https:\/\/isblue.fr\/en\/","logo":{"@type":"ImageObject","inLanguage":"en-US","@id":"https:\/\/isblue.fr\/en\/#\/schema\/logo\/image\/","url":"https:\/\/www.isblue.fr\/wp-content\/uploads\/2020\/11\/logo.png","contentUrl":"https:\/\/www.isblue.fr\/wp-content\/uploads\/2020\/11\/logo.png","width":367,"height":49,"caption":"ISblue"},"image":{"@id":"https:\/\/isblue.fr\/en\/#\/schema\/logo\/image\/"}}]}},"_links":{"self":[{"href":"https:\/\/isblue.fr\/en\/wp-json\/wp\/v2\/pages\/8844"}],"collection":[{"href":"https:\/\/isblue.fr\/en\/wp-json\/wp\/v2\/pages"}],"about":[{"href":"https:\/\/isblue.fr\/en\/wp-json\/wp\/v2\/types\/page"}],"author":[{"embeddable":true,"href":"https:\/\/isblue.fr\/en\/wp-json\/wp\/v2\/users\/14"}],"replies":[{"embeddable":true,"href":"https:\/\/isblue.fr\/en\/wp-json\/wp\/v2\/comments?post=8844"}],"version-history":[{"count":3,"href":"https:\/\/isblue.fr\/en\/wp-json\/wp\/v2\/pages\/8844\/revisions"}],"predecessor-version":[{"id":10631,"href":"https:\/\/isblue.fr\/en\/wp-json\/wp\/v2\/pages\/8844\/revisions\/10631"}],"up":[{"embeddable":true,"href":"https:\/\/isblue.fr\/en\/wp-json\/wp\/v2\/pages\/6948"}],"wp:featuredmedia":[{"embeddable":true,"href":"https:\/\/isblue.fr\/en\/wp-json\/wp\/v2\/media\/8817"}],"wp:attachment":[{"href":"https:\/\/isblue.fr\/en\/wp-json\/wp\/v2\/media?parent=8844"}],"curies":[{"name":"wp","href":"https:\/\/api.w.org\/{rel}","templated":true}]}}