{"id":8964,"date":"2022-05-15T15:13:08","date_gmt":"2022-05-15T13:13:08","guid":{"rendered":"https:\/\/www.isblue.fr\/?page_id=8964"},"modified":"2022-07-11T08:39:52","modified_gmt":"2022-07-11T06:39:52","slug":"conference-by-angelee-pavanee-annasawmy-distribution-of-micronekton-in-the-south-west-indian-ocean","status":"publish","type":"page","link":"https:\/\/isblue.fr\/en\/oceanographic-cruise-resilience-2022\/la-science-a-bord\/conferences-scientifiques\/conference-by-angelee-pavanee-annasawmy-distribution-of-micronekton-in-the-south-west-indian-ocean\/","title":{"rendered":"Conference by Angelee Pavanee Annasawmy &#8211; Distribution of Micronekton in the South West Indian Ocean"},"content":{"rendered":"\n<p style=\"font-size:16px\"><strong>May 2nd, 2022, R\/V Marion Dufresne, <em>Mozambique Channel<\/em><\/strong><\/p>\n\n\n\n<p style=\"font-size:16px\"><strong>Authors<\/strong>: Cl\u00e9ment Panelle, Salom\u00e9 Pell\u00e9, Ioannis Kalaitzakis, Christophe Mocquet<\/p>\n\n\n\n<hr class=\"wp-block-separator has-css-opacity\"\/>\n\n\n\n<div style=\"height:61px\" aria-hidden=\"true\" class=\"wp-block-spacer\"><\/div>\n\n\n\n<div class=\"wp-block-media-text alignwide is-stacked-on-mobile\" style=\"grid-template-columns:30% auto\"><figure class=\"wp-block-media-text__media\"><img decoding=\"async\" width=\"897\" height=\"1200\" src=\"https:\/\/www.isblue.fr\/wp-content\/uploads\/2022\/05\/Screenshot-from-2022-05-31-08-06-58-897x1200.jpg\" alt=\"\" class=\"wp-image-10850 size-full\" srcset=\"https:\/\/isblue.fr\/wp-content\/uploads\/2022\/05\/Screenshot-from-2022-05-31-08-06-58-897x1200.jpg 897w, https:\/\/isblue.fr\/wp-content\/uploads\/2022\/05\/Screenshot-from-2022-05-31-08-06-58-598x800.jpg 598w, https:\/\/isblue.fr\/wp-content\/uploads\/2022\/05\/Screenshot-from-2022-05-31-08-06-58-768x1028.jpg 768w, https:\/\/isblue.fr\/wp-content\/uploads\/2022\/05\/Screenshot-from-2022-05-31-08-06-58-224x300.jpg 224w, https:\/\/isblue.fr\/wp-content\/uploads\/2022\/05\/Screenshot-from-2022-05-31-08-06-58-1148x1536.jpg 1148w, https:\/\/isblue.fr\/wp-content\/uploads\/2022\/05\/Screenshot-from-2022-05-31-08-06-58-957x1280.jpg 957w, https:\/\/isblue.fr\/wp-content\/uploads\/2022\/05\/Screenshot-from-2022-05-31-08-06-58.jpg 1414w\" sizes=\"(max-width: 897px) 100vw, 897px\" \/><\/figure><div class=\"wp-block-media-text__content\">\n<p style=\"font-size:16px\">During her conference on board on the Marion Dufresne, Angelee-Pavanee Annasawmy presented part of her research on distribution of <strong>micronekton<\/strong> and trace element concentrations in these organisms in Southwestern Indian Ocean. Micronekton is composed of <strong>meso<a href=\"https:\/\/www.isblue.fr\/en\/oceanographic-cruise-resilience-2022\/la-science-a-bord\/scientific-glossary\/\">pelagic<\/a> fish<\/strong>, <strong>crustaceans<\/strong>, and <strong>cephalopods<\/strong> with size <strong>between 2-20 cm<\/strong>. Contrary to plankton, they can swim in the water currents. This group of organisms is known to perform <strong>vertical migration<\/strong> in the water column, therefore participating in the transfer of organic carbon from euphotic zone (close to the surface) to deeper ocean layers. This group can be seen as a link between zooplankton and top predators.<\/p>\n<\/div><\/div>\n\n\n\n<div style=\"height:74px\" aria-hidden=\"true\" class=\"wp-block-spacer\"><\/div>\n\n\n\n<div style=\"height:56px\" aria-hidden=\"true\" class=\"wp-block-spacer\"><\/div>\n\n\n\n<figure class=\"wp-block-gallery has-nested-images columns-default is-cropped wp-block-gallery-1 is-layout-flex wp-block-gallery-is-layout-flex\">\n<figure class=\"wp-block-image size-large\"><img decoding=\"async\" width=\"1200\" height=\"1173\" data-id=\"8956\" src=\"https:\/\/www.isblue.fr\/wp-content\/uploads\/2022\/05\/micronekton-1-1200x1173.png\" alt=\"\" class=\"wp-image-8956\" srcset=\"https:\/\/isblue.fr\/wp-content\/uploads\/2022\/05\/micronekton-1-1200x1173.png 1200w, https:\/\/isblue.fr\/wp-content\/uploads\/2022\/05\/micronekton-1-800x782.png 800w, https:\/\/isblue.fr\/wp-content\/uploads\/2022\/05\/micronekton-1-768x751.png 768w, https:\/\/isblue.fr\/wp-content\/uploads\/2022\/05\/micronekton-1-300x293.png 300w, https:\/\/isblue.fr\/wp-content\/uploads\/2022\/05\/micronekton-1-1536x1502.png 1536w, https:\/\/isblue.fr\/wp-content\/uploads\/2022\/05\/micronekton-1-1309x1280.png 1309w, https:\/\/isblue.fr\/wp-content\/uploads\/2022\/05\/micronekton-1.png 1856w\" sizes=\"(max-width: 1200px) 100vw, 1200px\" \/><\/figure>\n\n\n\n<figure class=\"wp-block-image size-large\"><img decoding=\"async\" width=\"1200\" height=\"1150\" data-id=\"8950\" src=\"https:\/\/www.isblue.fr\/wp-content\/uploads\/2022\/05\/micronekton2-1200x1150.jpg\" alt=\"\" class=\"wp-image-8950\" srcset=\"https:\/\/isblue.fr\/wp-content\/uploads\/2022\/05\/micronekton2-1200x1150.jpg 1200w, https:\/\/isblue.fr\/wp-content\/uploads\/2022\/05\/micronekton2-800x767.jpg 800w, https:\/\/isblue.fr\/wp-content\/uploads\/2022\/05\/micronekton2-768x736.jpg 768w, https:\/\/isblue.fr\/wp-content\/uploads\/2022\/05\/micronekton2-1900x1821.jpg 1900w, https:\/\/isblue.fr\/wp-content\/uploads\/2022\/05\/micronekton2-300x287.jpg 300w, https:\/\/isblue.fr\/wp-content\/uploads\/2022\/05\/micronekton2-1536x1472.jpg 1536w, https:\/\/isblue.fr\/wp-content\/uploads\/2022\/05\/micronekton2-1336x1280.jpg 1336w, https:\/\/isblue.fr\/wp-content\/uploads\/2022\/05\/micronekton2.jpg 1961w\" sizes=\"(max-width: 1200px) 100vw, 1200px\" \/><\/figure>\n<figcaption class=\"blocks-gallery-caption\">Micronekton organisms captured with a trawl.<\/figcaption><\/figure>\n\n\n\n<div style=\"height:60px\" aria-hidden=\"true\" class=\"wp-block-spacer\"><\/div>\n\n\n\n<p style=\"font-size:16px\">Angelee\u2019s PhD focused on the<strong> Indian Southern Subtropical <a href=\"https:\/\/www.isblue.fr\/en\/oceanographic-cruise-resilience-2022\/la-science-a-bord\/scientific-glossary\/\">Gyre<\/a> <\/strong>and the<strong> East African Coast<\/strong>. The gyre is <a href=\"https:\/\/www.isblue.fr\/en\/oceanographic-cruise-resilience-2022\/la-science-a-bord\/scientific-glossary\/\">oligotrophic<\/a> (less rich in nutrients) compared to the Mozambique channel, as <a href=\"https:\/\/www.isblue.fr\/en\/oceanographic-cruise-resilience-2022\/la-science-a-bord\/scientific-glossary\/\">eddies<\/a> drive nutrients from land to the channel.\u00a0 She also focused on <a href=\"https:\/\/www.isblue.fr\/en\/oceanographic-cruise-resilience-2022\/la-science-a-bord\/scientific-glossary\/\">seamounts<\/a>, which are topographic obstacles in the ocean floor, more than 1.000 meters height, but remaining below the ocean surface. She was particularly interested in the <a href=\"https:\/\/www.isblue.fr\/en\/oceanographic-cruise-resilience-2022\/la-science-a-bord\/scientific-glossary\/\">trophic position <\/a>of the micronekton and the trace element concentrations in the different taxa, as well as the influence of the eddies and sea mounts on micronekton distribution and communities.<\/p>\n\n\n\n<p style=\"font-size:16px\">She conducted <strong>mesopelagic trawls <\/strong>(nets to catch micronekton) <strong>while using active acoustics<\/strong>, combining the data of the two methods (if you want to know more about how active acoustics is used for marine biology studies you can see the <a href=\"https:\/\/www.isblue.fr\/en\/oceanographic-cruise-resilience-2022\/conference-by-anne-lebourges-dhaussy-acoustics-to-explore-physical-biological-interactions\/\">summary of the seminar of Anne Lebourges-Dhaussy <\/a>who works with Angelee at LEMAR). The utilisation of different types of data showed that micronekton migrates down around dawn, stay in the darkness of the depths during the day, and comes back at dusk closer to the surface for the night, supposedly as a feeding and predator avoidance strategy. However, <strong>micronekton migration strategy<\/strong> seems <strong>influenced by<\/strong> different factors like <strong>eddies and seamounts<\/strong>. Species distribution is indeed closely associated to the presence of this topographic obstacle, probably due to their ecological features, such as predation avoidance, feeding, reproduction and rest.<\/p>\n\n\n\n<div style=\"height:66px\" aria-hidden=\"true\" class=\"wp-block-spacer\"><\/div>\n\n\n\n<figure class=\"wp-block-image size-full\"><img decoding=\"async\" width=\"1158\" height=\"682\" src=\"https:\/\/www.isblue.fr\/wp-content\/uploads\/2022\/05\/acoustic.jpg\" alt=\"\" class=\"wp-image-8952\" srcset=\"https:\/\/isblue.fr\/wp-content\/uploads\/2022\/05\/acoustic.jpg 1158w, https:\/\/isblue.fr\/wp-content\/uploads\/2022\/05\/acoustic-800x471.jpg 800w, https:\/\/isblue.fr\/wp-content\/uploads\/2022\/05\/acoustic-768x452.jpg 768w, https:\/\/isblue.fr\/wp-content\/uploads\/2022\/05\/acoustic-300x177.jpg 300w\" sizes=\"(max-width: 1158px) 100vw, 1158px\" \/><figcaption>Acoustic measures along a transect in the Indian Ocean at the end of the night. The colors in the graph represent reflection (backscatter) of the sound emitted by the echo-sounder below the ship, on the micro-nekton organisms in the water column. During the night (left part of the graph), organisms are mostly present close to the surface (less than 150m) and in the depths (around 500-700m). Before dawn, a large part of the organisms in the surface migrate down to the deep layer.<\/figcaption><\/figure>\n\n\n\n<div style=\"height:64px\" aria-hidden=\"true\" class=\"wp-block-spacer\"><\/div>\n\n\n\n<p style=\"font-size:16px\">To identify the trophic levels of each <a href=\"https:\/\/www.isblue.fr\/en\/oceanographic-cruise-resilience-2022\/la-science-a-bord\/scientific-glossary\/\">taxon<\/a> (type of organisms) and the geographical origin of their prey, she carried out <strong>stable <a href=\"https:\/\/www.isblue.fr\/en\/oceanographic-cruise-resilience-2022\/la-science-a-bord\/scientific-glossary\/\">isotope<\/a> analyses<\/strong> on the organisms and measured <strong>concentration of various trace elements<\/strong>. It all appeared to vary according to the taxa, which might be linked to their feeding and migrating habits. The above-mentioned results could be interpreted along with genetic data and other trace element studies for a deeper understanding.<\/p>\n\n\n\n<div style=\"height:100px\" aria-hidden=\"true\" class=\"wp-block-spacer\"><\/div>\n\n\n\n<h2 class=\"wp-block-heading\">Continue browsing<\/h2>\n\n\n\n  <div class=\"wrap_acf_blocks__publications-cards\">\n\n     <div class=\"wrap_cards\">\n\n        \n                      <a class=\"wrap_card\" href=\"https:\/\/isblue.fr\/en\/oceanographic-cruise-resilience-2022\/la-science-a-bord\/conferences-scientifiques\/\">\n\n               <div class=\"lazy\" data-src=\"https:\/\/isblue.fr\/wp-content\/uploads\/2022\/04\/IMG_7339-800x600.jpg\"><\/div>\n\n               <div class=\"wrap_card__body\">\n\n                  <h3>Scientific conferences<\/h3>\n\n                  <span class=\"btn_all\">\n                     <i class=\"i_svg\"><?xml version=\"1.0\" encoding=\"UTF-8\" standalone=\"no\"?>\n<!DOCTYPE svg PUBLIC \"-\/\/W3C\/\/DTD SVG 1.1\/\/EN\" \"http:\/\/www.w3.org\/Graphics\/SVG\/1.1\/DTD\/svg11.dtd\">\n<svg width=\"100%\" height=\"100%\" viewBox=\"0 0 38 37\" version=\"1.1\" xmlns=\"http:\/\/www.w3.org\/2000\/svg\" xmlns:xlink=\"http:\/\/www.w3.org\/1999\/xlink\" xml:space=\"preserve\" xmlns:serif=\"http:\/\/www.serif.com\/\" style=\"fill-rule:evenodd;clip-rule:evenodd;stroke-linecap:round;stroke-linejoin:round;\">\n    <g id=\"Artboard1\" transform=\"matrix(1,0,0,1.71795,0,0)\">\n        <rect x=\"0\" y=\"0\" width=\"38\" height=\"21.254\" style=\"fill:none;\"\/>\n        <g transform=\"matrix(1.57114,0,0,0.914547,-2.36719,-8.40305)\">\n            <circle class=\"bg\" cx=\"13.6\" cy=\"20.808\" r=\"11.197\" style=\"fill:none;\"\/>\n        <\/g>\n        <g class=\"fleche\" transform=\"matrix(1,0,0,0.58209,1.75,0.586074)\">\n            <g class=\"arrow\">\n                <g>\n                    <g transform=\"matrix(1,0,0,1,18,15)\">\n                        <path d=\"M0,0L5,2.884L0,6\" style=\"fill:none;stroke:#002638;stroke-width:1.5px;\"\/>\n                    <\/g>\n                    <g transform=\"matrix(1,0,0,1,13,17.7714)\">\n                        <path d=\"M0,0.271L9,0.229\" style=\"fill:none;stroke:#002638;stroke-width:1.5px;\"\/>\n                    <\/g>\n                <\/g>\n            <\/g>\n        <\/g>\n        <g transform=\"matrix(1,0,0,0.58209,1,0.149507)\">\n            <path class=\"circle\" d=\"M18,36C27.941,36 36,27.941 36,18C36,8.059 27.941,0 18,0C8.059,0 0,8.059 0,18C0,27.941 8.059,36 18,36ZM18,34C9.163,34 2,26.837 2,18C2,9.163 9.163,2 18,2C26.837,2 34,9.163 34,18C34,26.837 26.837,34 18,34Z\" style=\"fill:#002638;\"\/>\n        <\/g>\n    <\/g>\n<\/svg>\n<\/i>\n                  <\/span>\n\n               <\/div>\n\n            <\/a>\n          \n        \n                      <a class=\"wrap_card\" href=\"https:\/\/isblue.fr\/en\/oceanographic-cruise-resilience-2022\/la-science-a-bord\/conferences-scientifiques\/conference-by-anne-lebourges-dhaussy-acoustics-to-explore-physical-biological-interactions\/\">\n\n               <div class=\"lazy\" data-src=\"https:\/\/isblue.fr\/wp-content\/uploads\/2022\/07\/Lebourges_Anne_-800x600.jpeg\"><\/div>\n\n               <div class=\"wrap_card__body\">\n\n                  <h3>Conference by Anne Lebourges-Dhaussy &#8211; Acoustics to explore physical\/biological interactions<\/h3>\n\n                  <span class=\"btn_all\">\n                     <i class=\"i_svg\"><?xml version=\"1.0\" encoding=\"UTF-8\" standalone=\"no\"?>\n<!DOCTYPE svg PUBLIC \"-\/\/W3C\/\/DTD SVG 1.1\/\/EN\" \"http:\/\/www.w3.org\/Graphics\/SVG\/1.1\/DTD\/svg11.dtd\">\n<svg width=\"100%\" height=\"100%\" viewBox=\"0 0 38 37\" version=\"1.1\" xmlns=\"http:\/\/www.w3.org\/2000\/svg\" xmlns:xlink=\"http:\/\/www.w3.org\/1999\/xlink\" xml:space=\"preserve\" xmlns:serif=\"http:\/\/www.serif.com\/\" style=\"fill-rule:evenodd;clip-rule:evenodd;stroke-linecap:round;stroke-linejoin:round;\">\n    <g id=\"Artboard1\" transform=\"matrix(1,0,0,1.71795,0,0)\">\n        <rect x=\"0\" y=\"0\" width=\"38\" height=\"21.254\" style=\"fill:none;\"\/>\n        <g transform=\"matrix(1.57114,0,0,0.914547,-2.36719,-8.40305)\">\n            <circle class=\"bg\" cx=\"13.6\" cy=\"20.808\" r=\"11.197\" style=\"fill:none;\"\/>\n        <\/g>\n        <g class=\"fleche\" transform=\"matrix(1,0,0,0.58209,1.75,0.586074)\">\n            <g class=\"arrow\">\n                <g>\n                    <g transform=\"matrix(1,0,0,1,18,15)\">\n                        <path d=\"M0,0L5,2.884L0,6\" style=\"fill:none;stroke:#002638;stroke-width:1.5px;\"\/>\n                    <\/g>\n                    <g transform=\"matrix(1,0,0,1,13,17.7714)\">\n                        <path d=\"M0,0.271L9,0.229\" style=\"fill:none;stroke:#002638;stroke-width:1.5px;\"\/>\n                    <\/g>\n                <\/g>\n            <\/g>\n        <\/g>\n        <g transform=\"matrix(1,0,0,0.58209,1,0.149507)\">\n            <path class=\"circle\" d=\"M18,36C27.941,36 36,27.941 36,18C36,8.059 27.941,0 18,0C8.059,0 0,8.059 0,18C0,27.941 8.059,36 18,36ZM18,34C9.163,34 2,26.837 2,18C2,9.163 9.163,2 18,2C26.837,2 34,9.163 34,18C34,26.837 26.837,34 18,34Z\" style=\"fill:#002638;\"\/>\n        <\/g>\n    <\/g>\n<\/svg>\n<\/i>\n                  <\/span>\n\n               <\/div>\n\n            <\/a>\n          \n        \n     <\/div>\n\n  <\/div>\n  \n\n\n  <p class=\"wrap_zip_block-btn\">\n     <a class=\"zip_block-btn btn1\" href=\"https:\/\/isblue.fr\/en\/oceanographic-cruise-resilience-2022\/\" target=\"\">Back to the homepage<\/a>\n  <\/p>\n  ","protected":false},"excerpt":{"rendered":"","protected":false},"author":14,"featured_media":8960,"parent":6844,"menu_order":233,"comment_status":"closed","ping_status":"closed","template":"","meta":{"_acf_changed":false,"footnotes":""},"acf":[],"yoast_head":"<!-- This site is optimized with the Yoast SEO plugin v21.9 - https:\/\/yoast.com\/wordpress\/plugins\/seo\/ -->\n<title>Conference by Angelee Pavanee Annasawmy - Distribution of Micronekton in the South West Indian Ocean - Ecole Universitaire de Recherche en sciences &amp; technologies marines<\/title>\n<meta name=\"robots\" content=\"index, follow, max-snippet:-1, max-image-preview:large, max-video-preview:-1\" \/>\n<link rel=\"canonical\" href=\"https:\/\/isblue.fr\/en\/oceanographic-cruise-resilience-2022\/la-science-a-bord\/conferences-scientifiques\/conference-by-angelee-pavanee-annasawmy-distribution-of-micronekton-in-the-south-west-indian-ocean\/\" \/>\n<meta property=\"og:locale\" content=\"en_US\" \/>\n<meta property=\"og:type\" content=\"article\" \/>\n<meta property=\"og:title\" content=\"Conference by Angelee Pavanee Annasawmy - Distribution of Micronekton in the South West Indian Ocean - Ecole Universitaire de Recherche en sciences &amp; technologies marines\" \/>\n<meta property=\"og:url\" content=\"https:\/\/isblue.fr\/en\/oceanographic-cruise-resilience-2022\/la-science-a-bord\/conferences-scientifiques\/conference-by-angelee-pavanee-annasawmy-distribution-of-micronekton-in-the-south-west-indian-ocean\/\" \/>\n<meta property=\"og:site_name\" content=\"Ecole Universitaire de Recherche en sciences &amp; technologies marines\" \/>\n<meta property=\"article:modified_time\" content=\"2022-07-11T06:39:52+00:00\" \/>\n<meta property=\"og:image\" content=\"https:\/\/isblue.fr\/wp-content\/uploads\/2022\/05\/PavanneeAnnasavmy_Angellee.jpeg\" \/>\n\t<meta property=\"og:image:width\" content=\"2400\" \/>\n\t<meta property=\"og:image:height\" content=\"1800\" \/>\n\t<meta property=\"og:image:type\" content=\"image\/jpeg\" \/>\n<meta name=\"twitter:card\" content=\"summary_large_image\" \/>\n<meta name=\"twitter:label1\" content=\"Est. reading time\" \/>\n\t<meta name=\"twitter:data1\" content=\"4 minutes\" \/>\n<script type=\"application\/ld+json\" class=\"yoast-schema-graph\">{\"@context\":\"https:\/\/schema.org\",\"@graph\":[{\"@type\":\"WebPage\",\"@id\":\"https:\/\/isblue.fr\/en\/oceanographic-cruise-resilience-2022\/la-science-a-bord\/conferences-scientifiques\/conference-by-angelee-pavanee-annasawmy-distribution-of-micronekton-in-the-south-west-indian-ocean\/\",\"url\":\"https:\/\/isblue.fr\/en\/oceanographic-cruise-resilience-2022\/la-science-a-bord\/conferences-scientifiques\/conference-by-angelee-pavanee-annasawmy-distribution-of-micronekton-in-the-south-west-indian-ocean\/\",\"name\":\"Conference by Angelee Pavanee Annasawmy - Distribution of Micronekton in the South West Indian Ocean - Ecole Universitaire de Recherche en sciences &amp; technologies marines\",\"isPartOf\":{\"@id\":\"https:\/\/isblue.fr\/en\/#website\"},\"datePublished\":\"2022-05-15T13:13:08+00:00\",\"dateModified\":\"2022-07-11T06:39:52+00:00\",\"breadcrumb\":{\"@id\":\"https:\/\/isblue.fr\/en\/oceanographic-cruise-resilience-2022\/la-science-a-bord\/conferences-scientifiques\/conference-by-angelee-pavanee-annasawmy-distribution-of-micronekton-in-the-south-west-indian-ocean\/#breadcrumb\"},\"inLanguage\":\"en-US\",\"potentialAction\":[{\"@type\":\"ReadAction\",\"target\":[\"https:\/\/isblue.fr\/en\/oceanographic-cruise-resilience-2022\/la-science-a-bord\/conferences-scientifiques\/conference-by-angelee-pavanee-annasawmy-distribution-of-micronekton-in-the-south-west-indian-ocean\/\"]}]},{\"@type\":\"BreadcrumbList\",\"@id\":\"https:\/\/isblue.fr\/en\/oceanographic-cruise-resilience-2022\/la-science-a-bord\/conferences-scientifiques\/conference-by-angelee-pavanee-annasawmy-distribution-of-micronekton-in-the-south-west-indian-ocean\/#breadcrumb\",\"itemListElement\":[{\"@type\":\"ListItem\",\"position\":1,\"name\":\"Home\",\"item\":\"https:\/\/isblue.fr\/en\/\"},{\"@type\":\"ListItem\",\"position\":2,\"name\":\"Oceanographic cruise RESILIENCE 2022\",\"item\":\"https:\/\/isblue.fr\/en\/oceanographic-cruise-resilience-2022\/\"},{\"@type\":\"ListItem\",\"position\":3,\"name\":\"Science on board\",\"item\":\"https:\/\/isblue.fr\/en\/oceanographic-cruise-resilience-2022\/la-science-a-bord\/\"},{\"@type\":\"ListItem\",\"position\":4,\"name\":\"Scientific conferences\",\"item\":\"https:\/\/isblue.fr\/en\/oceanographic-cruise-resilience-2022\/la-science-a-bord\/conferences-scientifiques\/\"},{\"@type\":\"ListItem\",\"position\":5,\"name\":\"Conference by Angelee Pavanee Annasawmy &#8211; Distribution of Micronekton in the South West Indian Ocean\"}]},{\"@type\":\"WebSite\",\"@id\":\"https:\/\/isblue.fr\/en\/#website\",\"url\":\"https:\/\/isblue.fr\/en\/\",\"name\":\"Ecole Universitaire de Recherche en sciences &amp; technologies marines\",\"description\":\"Ecole Universitaire de Recherche en sciences &amp; technologies marines\",\"publisher\":{\"@id\":\"https:\/\/isblue.fr\/en\/#organization\"},\"potentialAction\":[{\"@type\":\"SearchAction\",\"target\":{\"@type\":\"EntryPoint\",\"urlTemplate\":\"https:\/\/isblue.fr\/en\/?s={search_term_string}\"},\"query-input\":\"required name=search_term_string\"}],\"inLanguage\":\"en-US\"},{\"@type\":\"Organization\",\"@id\":\"https:\/\/isblue.fr\/en\/#organization\",\"name\":\"ISblue\",\"url\":\"https:\/\/isblue.fr\/en\/\",\"logo\":{\"@type\":\"ImageObject\",\"inLanguage\":\"en-US\",\"@id\":\"https:\/\/isblue.fr\/en\/#\/schema\/logo\/image\/\",\"url\":\"https:\/\/www.isblue.fr\/wp-content\/uploads\/2020\/11\/logo.png\",\"contentUrl\":\"https:\/\/www.isblue.fr\/wp-content\/uploads\/2020\/11\/logo.png\",\"width\":367,\"height\":49,\"caption\":\"ISblue\"},\"image\":{\"@id\":\"https:\/\/isblue.fr\/en\/#\/schema\/logo\/image\/\"}}]}<\/script>\n<!-- \/ Yoast SEO plugin. -->","yoast_head_json":{"title":"Conference by Angelee Pavanee Annasawmy - Distribution of Micronekton in the South West Indian Ocean - Ecole Universitaire de Recherche en sciences &amp; technologies marines","robots":{"index":"index","follow":"follow","max-snippet":"max-snippet:-1","max-image-preview":"max-image-preview:large","max-video-preview":"max-video-preview:-1"},"canonical":"https:\/\/isblue.fr\/en\/oceanographic-cruise-resilience-2022\/la-science-a-bord\/conferences-scientifiques\/conference-by-angelee-pavanee-annasawmy-distribution-of-micronekton-in-the-south-west-indian-ocean\/","og_locale":"en_US","og_type":"article","og_title":"Conference by Angelee Pavanee Annasawmy - Distribution of Micronekton in the South West Indian Ocean - Ecole Universitaire de Recherche en sciences &amp; technologies marines","og_url":"https:\/\/isblue.fr\/en\/oceanographic-cruise-resilience-2022\/la-science-a-bord\/conferences-scientifiques\/conference-by-angelee-pavanee-annasawmy-distribution-of-micronekton-in-the-south-west-indian-ocean\/","og_site_name":"Ecole Universitaire de Recherche en sciences &amp; technologies marines","article_modified_time":"2022-07-11T06:39:52+00:00","og_image":[{"width":2400,"height":1800,"url":"https:\/\/isblue.fr\/wp-content\/uploads\/2022\/05\/PavanneeAnnasavmy_Angellee.jpeg","type":"image\/jpeg"}],"twitter_card":"summary_large_image","twitter_misc":{"Est. reading time":"4 minutes"},"schema":{"@context":"https:\/\/schema.org","@graph":[{"@type":"WebPage","@id":"https:\/\/isblue.fr\/en\/oceanographic-cruise-resilience-2022\/la-science-a-bord\/conferences-scientifiques\/conference-by-angelee-pavanee-annasawmy-distribution-of-micronekton-in-the-south-west-indian-ocean\/","url":"https:\/\/isblue.fr\/en\/oceanographic-cruise-resilience-2022\/la-science-a-bord\/conferences-scientifiques\/conference-by-angelee-pavanee-annasawmy-distribution-of-micronekton-in-the-south-west-indian-ocean\/","name":"Conference by Angelee Pavanee Annasawmy - Distribution of Micronekton in the South West Indian Ocean - Ecole Universitaire de Recherche en sciences &amp; technologies marines","isPartOf":{"@id":"https:\/\/isblue.fr\/en\/#website"},"datePublished":"2022-05-15T13:13:08+00:00","dateModified":"2022-07-11T06:39:52+00:00","breadcrumb":{"@id":"https:\/\/isblue.fr\/en\/oceanographic-cruise-resilience-2022\/la-science-a-bord\/conferences-scientifiques\/conference-by-angelee-pavanee-annasawmy-distribution-of-micronekton-in-the-south-west-indian-ocean\/#breadcrumb"},"inLanguage":"en-US","potentialAction":[{"@type":"ReadAction","target":["https:\/\/isblue.fr\/en\/oceanographic-cruise-resilience-2022\/la-science-a-bord\/conferences-scientifiques\/conference-by-angelee-pavanee-annasawmy-distribution-of-micronekton-in-the-south-west-indian-ocean\/"]}]},{"@type":"BreadcrumbList","@id":"https:\/\/isblue.fr\/en\/oceanographic-cruise-resilience-2022\/la-science-a-bord\/conferences-scientifiques\/conference-by-angelee-pavanee-annasawmy-distribution-of-micronekton-in-the-south-west-indian-ocean\/#breadcrumb","itemListElement":[{"@type":"ListItem","position":1,"name":"Home","item":"https:\/\/isblue.fr\/en\/"},{"@type":"ListItem","position":2,"name":"Oceanographic cruise RESILIENCE 2022","item":"https:\/\/isblue.fr\/en\/oceanographic-cruise-resilience-2022\/"},{"@type":"ListItem","position":3,"name":"Science on board","item":"https:\/\/isblue.fr\/en\/oceanographic-cruise-resilience-2022\/la-science-a-bord\/"},{"@type":"ListItem","position":4,"name":"Scientific conferences","item":"https:\/\/isblue.fr\/en\/oceanographic-cruise-resilience-2022\/la-science-a-bord\/conferences-scientifiques\/"},{"@type":"ListItem","position":5,"name":"Conference by Angelee Pavanee Annasawmy &#8211; Distribution of Micronekton in the South West Indian Ocean"}]},{"@type":"WebSite","@id":"https:\/\/isblue.fr\/en\/#website","url":"https:\/\/isblue.fr\/en\/","name":"Ecole Universitaire de Recherche en sciences &amp; technologies marines","description":"Ecole Universitaire de Recherche en sciences &amp; technologies marines","publisher":{"@id":"https:\/\/isblue.fr\/en\/#organization"},"potentialAction":[{"@type":"SearchAction","target":{"@type":"EntryPoint","urlTemplate":"https:\/\/isblue.fr\/en\/?s={search_term_string}"},"query-input":"required name=search_term_string"}],"inLanguage":"en-US"},{"@type":"Organization","@id":"https:\/\/isblue.fr\/en\/#organization","name":"ISblue","url":"https:\/\/isblue.fr\/en\/","logo":{"@type":"ImageObject","inLanguage":"en-US","@id":"https:\/\/isblue.fr\/en\/#\/schema\/logo\/image\/","url":"https:\/\/www.isblue.fr\/wp-content\/uploads\/2020\/11\/logo.png","contentUrl":"https:\/\/www.isblue.fr\/wp-content\/uploads\/2020\/11\/logo.png","width":367,"height":49,"caption":"ISblue"},"image":{"@id":"https:\/\/isblue.fr\/en\/#\/schema\/logo\/image\/"}}]}},"_links":{"self":[{"href":"https:\/\/isblue.fr\/en\/wp-json\/wp\/v2\/pages\/8964"}],"collection":[{"href":"https:\/\/isblue.fr\/en\/wp-json\/wp\/v2\/pages"}],"about":[{"href":"https:\/\/isblue.fr\/en\/wp-json\/wp\/v2\/types\/page"}],"author":[{"embeddable":true,"href":"https:\/\/isblue.fr\/en\/wp-json\/wp\/v2\/users\/14"}],"replies":[{"embeddable":true,"href":"https:\/\/isblue.fr\/en\/wp-json\/wp\/v2\/comments?post=8964"}],"version-history":[{"count":3,"href":"https:\/\/isblue.fr\/en\/wp-json\/wp\/v2\/pages\/8964\/revisions"}],"predecessor-version":[{"id":12495,"href":"https:\/\/isblue.fr\/en\/wp-json\/wp\/v2\/pages\/8964\/revisions\/12495"}],"up":[{"embeddable":true,"href":"https:\/\/isblue.fr\/en\/wp-json\/wp\/v2\/pages\/6844"}],"wp:featuredmedia":[{"embeddable":true,"href":"https:\/\/isblue.fr\/en\/wp-json\/wp\/v2\/media\/8960"}],"wp:attachment":[{"href":"https:\/\/isblue.fr\/en\/wp-json\/wp\/v2\/media?parent=8964"}],"curies":[{"name":"wp","href":"https:\/\/api.w.org\/{rel}","templated":true}]}}